{"id":93,"date":"2022-05-17T10:47:02","date_gmt":"2022-05-17T16:47:02","guid":{"rendered":"https:\/\/housinglake.org\/?page_id=93"},"modified":"2022-07-07T14:12:31","modified_gmt":"2022-07-07T20:12:31","slug":"donate","status":"publish","type":"page","link":"https:\/\/housinglake.org\/es\/donate\/","title":{"rendered":"Donar"},"content":{"rendered":"<div class=\"vc_row wpb_row vc_row-fluid\"><div class=\"wpb_column vc_column_container vc_col-sm-12\"><div class=\"vc_column-inner\"><div class=\"wpb_wrapper\"><h1 class=''>Donar<\/h1>\n\t<div class=\"wpb_text_column wpb_content_element\" >\n\t\t<div class=\"wpb_wrapper\">\n\t\t\t<p>Las donaciones a la Coalici\u00f3n para la Vivienda pueden hacerse <a href=\"https:\/\/lcbag.org\/donate\/\" target=\"_blank\" rel=\"noopener\">aqu\u00ed<\/a>.<\/p>\n<p>Las donaciones a la Coalici\u00f3n de Vivienda permiten a Lake County Build a Generation responder a oportunidades de vivienda sensibles al tiempo que pueden no estar cubiertas en nuestra subvenci\u00f3n, como el apoyo a la medida de votaci\u00f3n 2A.<\/p>\n<p>Las donaciones a la autoridad de vivienda de Leadville pueden enviarse por correo a 131 W 12th St, Leadville, CO 80461 y pueden utilizarse para apoyar el complejo de apartamentos de bajos ingresos Mount Massive Manor y otros programas y servicios de vivienda comunitaria.<\/p>\n\n\t\t<\/div>\n\t<\/div>\n<\/div><\/div><\/div><\/div>","protected":false},"excerpt":{"rendered":"Donar Las donaciones a la Coalici\u00f3n de Vivienda se pueden hacer aqu\u00ed. Las donaciones a la Coalici\u00f3n de Vivienda permiten a Lake County Build a Generation responder a oportunidades de vivienda sensibles al tiempo que pueden no estar cubiertas en nuestra subvenci\u00f3n, como el apoyo a la...","protected":false},"author":1,"featured_media":0,"parent":0,"menu_order":0,"comment_status":"closed","ping_status":"closed","template":"","meta":{"footnotes":""},"class_list":["post-93","page","type-page","status-publish","hentry"],"aioseo_notices":[],"_links":{"self":[{"href":"https:\/\/housinglake.org\/es\/wp-json\/wp\/v2\/pages\/93","targetHints":{"allow":["GET"]}}],"collection":[{"href":"https:\/\/housinglake.org\/es\/wp-json\/wp\/v2\/pages"}],"about":[{"href":"https:\/\/housinglake.org\/es\/wp-json\/wp\/v2\/types\/page"}],"author":[{"embeddable":true,"href":"https:\/\/housinglake.org\/es\/wp-json\/wp\/v2\/users\/1"}],"replies":[{"embeddable":true,"href":"https:\/\/housinglake.org\/es\/wp-json\/wp\/v2\/comments?post=93"}],"version-history":[{"count":6,"href":"https:\/\/housinglake.org\/es\/wp-json\/wp\/v2\/pages\/93\/revisions"}],"predecessor-version":[{"id":441,"href":"https:\/\/housinglake.org\/es\/wp-json\/wp\/v2\/pages\/93\/revisions\/441"}],"wp:attachment":[{"href":"https:\/\/housinglake.org\/es\/wp-json\/wp\/v2\/media?parent=93"}],"curies":[{"name":"wp","href":"https:\/\/api.w.org\/{rel}","templated":true}]}}