{"id":46,"date":"2022-05-14T20:59:13","date_gmt":"2022-05-15T02:59:13","guid":{"rendered":"https:\/\/housinglake.org\/?page_id=46"},"modified":"2022-06-27T14:59:32","modified_gmt":"2022-06-27T20:59:32","slug":"faqs","status":"publish","type":"page","link":"https:\/\/housinglake.org\/es\/faqs\/","title":{"rendered":"Preguntas frecuentes"},"content":{"rendered":"<div class=\"vc_row wpb_row vc_row-fluid\"><div class=\"wpb_column vc_column_container vc_col-sm-12\"><div class=\"vc_column-inner\"><div class=\"wpb_wrapper\"><h1 class='center  hasSubText below'>Preguntas frecuentes<span class='sub'>Preguntas frecuentes sobre viviendas en el condado de Lake<\/span><\/h1><div class=\"vc_tta-container\" data-vc-action=\"collapseAll\"><div class=\"vc_general vc_tta vc_tta-accordion vc_tta-color-grey vc_tta-style-classic vc_tta-shape-rounded vc_tta-o-shape-group vc_tta-controls-align-left vc_tta-o-all-clickable\"><div class=\"vc_tta-panels-container\"><div class=\"vc_tta-panels\"><div class=\"vc_tta-panel\" id=\"1653999125059-3f9e951b-7177\" data-vc-content=\".vc_tta-panel-body\"><div class=\"vc_tta-panel-heading\"><h4 class=\"vc_tta-panel-title vc_tta-controls-icon-position-left\"><a href=\"#1653999125059-3f9e951b-7177\" data-vc-accordion data-vc-container=\".vc_tta-container\"><span class=\"vc_tta-title-text\">\u00bfQu\u00e9 es la vivienda comunitaria?<\/span><i class=\"vc_tta-controls-icon vc_tta-controls-icon-chevron\"><\/i><\/a><\/h4><\/div><div class=\"vc_tta-panel-body\">\n\t<div class=\"wpb_text_column wpb_content_element\" >\n\t\t<div class=\"wpb_wrapper\">\n\t\t\t<p>Community Housing es el t\u00e9rmino que Lake County Housing Coalition utiliza para describir la vivienda asequible, asequibles y para la fuerza laboral cuando aboga por problemas de vivienda. Community Housing esta disenada para ayudar a los miembros de nuestra comunidad a permanecer en su lugar en la comunidad. Los precios actuales de la vivienda est\u00e1n tan fuera del alcance de la mayor\u00eda de los residentes que a menudo  obligan a las personas a mudarse fuera del condado. Estamos trabajando duro para evitar que esto suceda.<\/p>\n\n\t\t<\/div>\n\t<\/div>\n<\/div><\/div><div class=\"vc_tta-panel\" id=\"1653999125079-cec9d4f3-9357\" data-vc-content=\".vc_tta-panel-body\"><div class=\"vc_tta-panel-heading\"><h4 class=\"vc_tta-panel-title vc_tta-controls-icon-position-left\"><a href=\"#1653999125079-cec9d4f3-9357\" data-vc-accordion data-vc-container=\".vc_tta-container\"><span class=\"vc_tta-title-text\">\u00bfPor qu\u00e9 es tan cara la vivienda?<\/span><i class=\"vc_tta-controls-icon vc_tta-controls-icon-chevron\"><\/i><\/a><\/h4><\/div><div class=\"vc_tta-panel-body\">\n\t<div class=\"wpb_text_column wpb_content_element\" >\n\t\t<div class=\"wpb_wrapper\">\n\t\t\t<p>Hay una variedad de cosas en el estado y en todo el pais que hacen que la vivienda sea inasequible, incluido el aumento de los precios de los suministros, el retraso en la cadena de suministro y la escasez de mano de obra. A nivel local, los problemas laborales son a\u00fan m\u00e1s dif\u00edciles ya que 75% de los miembros de nuestra comunidad trabajan fuera de la comunidad, y es dif\u00edcil convencer a esa gente de que regrese a trabajar en la ciudad. El problema de una fuerza laboral limitada tambi\u00e9n afecta a la eficiencia con la que el condado y la ciudad pueden responder a los constructores y desarrolladores. A continuacion, tenemos una temporada de construcci\u00f3n m\u00e1s corta, lo que puede dificultar que la construccion se complete a tiempo. Adem\u00e1s, con rocas mas grandes y colinas empinadas, la construccion de viviendas no es posible en todas partes. Otro problema es que nuestra comunidad tiene abundancia de terrenos, pero no tiene los mismos presupuestos que las comunidades aledanas tienen para invertir en proyectos de vivienda. Por \u00faltimo, muchas personas que necesitan vivienda compiten con compradores de fuera del condado que aportan m\u00e1s dinero, y muchos miembros de la comunidad no saben a d\u00f3nde acudir para obtener ayuda o prepararse financieramente para comprar una casa.<\/p>\n<p>Todos estos desafios son bastante abrumadores, y con suerte, puedan ver por qu\u00e9 necesitamos implementar muchos cambios dempolitica para abordar el problema. <\/p>\n\n\t\t<\/div>\n\t<\/div>\n<\/div><\/div><div class=\"vc_tta-panel\" id=\"1653999162953-334905aa-362c\" data-vc-content=\".vc_tta-panel-body\"><div class=\"vc_tta-panel-heading\"><h4 class=\"vc_tta-panel-title vc_tta-controls-icon-position-left\"><a href=\"#1653999162953-334905aa-362c\" data-vc-accordion data-vc-container=\".vc_tta-container\"><span class=\"vc_tta-title-text\">\u00bfCu\u00e1nto debo gastar en vivienda para que sea asequible?<\/span><i class=\"vc_tta-controls-icon vc_tta-controls-icon-chevron\"><\/i><\/a><\/h4><\/div><div class=\"vc_tta-panel-body\">\n\t<div class=\"wpb_text_column wpb_content_element\" >\n\t\t<div class=\"wpb_wrapper\">\n\t\t\t<p>El monto gastado por un hogar en alquiler (servicios p\u00fablicos incluidos) o pagos de hipoteca (principal, intereses, impuestos, seguros y cualquier cuota) no debe exeder el 30% del ingreso bruto combinado del hogar. Un ejemplo de esto es si su hogar tiene un ingreso bruto de $6,000 (Aproximadamente el ingreso medio del \u00e1rea para un hogar de 4), no deben gastar m\u00e1s de $1,800 en vivienda. El precio promedio de una casa en el condado de Lake en 2022 es de $522.000, lo que resulta en un pago de hipoteca de aproximadamente $2.564. <\/p>\n\n\t\t<\/div>\n\t<\/div>\n<\/div><\/div><div class=\"vc_tta-panel\" id=\"1653999243097-76e24d0b-5265\" data-vc-content=\".vc_tta-panel-body\"><div class=\"vc_tta-panel-heading\"><h4 class=\"vc_tta-panel-title vc_tta-controls-icon-position-left\"><a href=\"#1653999243097-76e24d0b-5265\" data-vc-accordion data-vc-container=\".vc_tta-container\"><span class=\"vc_tta-title-text\">\u00bfQu\u00e9 es Housing Coalition?<\/span><i class=\"vc_tta-controls-icon vc_tta-controls-icon-chevron\"><\/i><\/a><\/h4><\/div><div class=\"vc_tta-panel-body\">\n\t<div class=\"wpb_text_column wpb_content_element\" >\n\t\t<div class=\"wpb_wrapper\">\n\t\t\t<p>Housing Coalition es un grupo de miembros de la comunidad que ofrecen voluntarimante su tiempo para promulgar estrategias para eliminar las barreras a la vivienda saludable y de calidad para todos los residentes del Condado de Lake. <\/p>\n\n\t\t<\/div>\n\t<\/div>\n<\/div><\/div><div class=\"vc_tta-panel\" id=\"1653999243999-b4e7685a-4de1\" data-vc-content=\".vc_tta-panel-body\"><div class=\"vc_tta-panel-heading\"><h4 class=\"vc_tta-panel-title vc_tta-controls-icon-position-left\"><a href=\"#1653999243999-b4e7685a-4de1\" data-vc-accordion data-vc-container=\".vc_tta-container\"><span class=\"vc_tta-title-text\">\u00bfQui\u00e9n puede formar parte de Housing Coalition?<\/span><i class=\"vc_tta-controls-icon vc_tta-controls-icon-chevron\"><\/i><\/a><\/h4><\/div><div class=\"vc_tta-panel-body\">\n\t<div class=\"wpb_text_column wpb_content_element\" >\n\t\t<div class=\"wpb_wrapper\">\n\t\t\t<p>Cualquiera! Si te preocupa la vivienda y quieres participar en Housing Coalition, env\u00eda un correo electr\u00f3nico a <a href=\"mailto:Kristi@lcbag.org\">Kristi@lcbag.org<\/a>.<\/p>\n\n\t\t<\/div>\n\t<\/div>\n<\/div><\/div><div class=\"vc_tta-panel\" id=\"1653999244787-6e643e9d-4eb0\" data-vc-content=\".vc_tta-panel-body\"><div class=\"vc_tta-panel-heading\"><h4 class=\"vc_tta-panel-title vc_tta-controls-icon-position-left\"><a href=\"#1653999244787-6e643e9d-4eb0\" data-vc-accordion data-vc-container=\".vc_tta-container\"><span class=\"vc_tta-title-text\">\u00bfQu\u00e9 es Leadville Housing Authority?<\/span><i class=\"vc_tta-controls-icon vc_tta-controls-icon-chevron\"><\/i><\/a><\/h4><\/div><div class=\"vc_tta-panel-body\">\n\t<div class=\"wpb_text_column wpb_content_element\" >\n\t\t<div class=\"wpb_wrapper\">\n\t\t\t<p>Leadville Housing Authority es una organizaci\u00f3n empoderada por la ciudad de Leadville para llebar acabo la gesti\u00f3n del programa de vivienda y (a menudo) el desarrollo en nombre de un municipio, condado o regi\u00f3n. Housing Authority tienen la capacidad legal de prestar diversos servicios que benefician a la vivienda en la comunidad, tales como estar exentos del pago de impuestos estatales o locales sobre desarrollos de vivienda. Leadville Housing Authority se cre\u00f3 en 1981. Administran Mount Massive Manor, y un complejo de apartamentos de viviendas asequibles para la comunidad de ancianos y discapacitados. Actualmente, Leadville Housing Authority s\u00f3lo puede atender a los miembros de la comunidad que viven dentro de los l\u00edmites de la ciudad. Sin embargo, est\u00e1n trabajando para expandirse a una Housing Authority Multijurisdiccional que podr\u00e1 servir a todo el Condado de Lake.<\/p>\n\n\t\t<\/div>\n\t<\/div>\n<\/div><\/div><div class=\"vc_tta-panel\" id=\"1653999328276-f2cbb64c-8959\" data-vc-content=\".vc_tta-panel-body\"><div class=\"vc_tta-panel-heading\"><h4 class=\"vc_tta-panel-title vc_tta-controls-icon-position-left\"><a href=\"#1653999328276-f2cbb64c-8959\" data-vc-accordion data-vc-container=\".vc_tta-container\"><span class=\"vc_tta-title-text\">\u00bfPuedo comprar o alquilar una vivienda comunitaria ahora mismo?<\/span><i class=\"vc_tta-controls-icon vc_tta-controls-icon-chevron\"><\/i><\/a><\/h4><\/div><div class=\"vc_tta-panel-body\">\n\t<div class=\"wpb_text_column wpb_content_element\" >\n\t\t<div class=\"wpb_wrapper\">\n\t\t\t<p>Desafortunadamente, no hay unidades de vivienda comunitaria disponibles para alquilar o comprar en este momento. Sin embargo, hay dos proyectos en proceso que esperamos que se construyan a fines de 2023 o 2024. <\/p>\n\n\t\t<\/div>\n\t<\/div>\n<\/div><\/div><div class=\"vc_tta-panel\" id=\"1653999329133-99efd741-e482\" data-vc-content=\".vc_tta-panel-body\"><div class=\"vc_tta-panel-heading\"><h4 class=\"vc_tta-panel-title vc_tta-controls-icon-position-left\"><a href=\"#1653999329133-99efd741-e482\" data-vc-accordion data-vc-container=\".vc_tta-container\"><span class=\"vc_tta-title-text\">\u00bfC\u00f3mo puedo calificar para vivienda comunitaria?<\/span><i class=\"vc_tta-controls-icon vc_tta-controls-icon-chevron\"><\/i><\/a><\/h4><\/div><div class=\"vc_tta-panel-body\">\n\t<div class=\"wpb_text_column wpb_content_element\" >\n\t\t<div class=\"wpb_wrapper\">\n\t\t\t<p>Housing Coalition quiere que todos los residentes del Condado de Lake tengan acceso a estas viviendas cuando se construyan. Algunas personas pueden necesitar para trabajar para prepararse para comprar una casa (enlace a las clases de educaci\u00f3n financiera). Es posible que otros solo necesiten mantenerse informados para estar al tanto del proceso de solicitud (enlace a unirse).<\/p>\n\n\t\t<\/div>\n\t<\/div>\n<\/div><\/div><div class=\"vc_tta-panel\" id=\"1653999329752-8cae93f7-5853\" data-vc-content=\".vc_tta-panel-body\"><div class=\"vc_tta-panel-heading\"><h4 class=\"vc_tta-panel-title vc_tta-controls-icon-position-left\"><a href=\"#1653999329752-8cae93f7-5853\" data-vc-accordion data-vc-container=\".vc_tta-container\"><span class=\"vc_tta-title-text\">\u00bfNecesito tomar una clase de educaci\u00f3n financiera?<\/span><i class=\"vc_tta-controls-icon vc_tta-controls-icon-chevron\"><\/i><\/a><\/h4><\/div><div class=\"vc_tta-panel-body\">\n\t<div class=\"wpb_text_column wpb_content_element\" >\n\t\t<div class=\"wpb_wrapper\">\n\t\t\t<p>Todos los miembros de la comunidad que actualmente no son duenos de una casa deben tomar una clase de educaci\u00f3n financiera. Este ser\u00e1 su primer paso para prepararse para alquilar o comprar una vivienda comunitaria. Puede tomar la gente entre 6 meses y 2 a\u00f1os establecer o reparar el cr\u00e9dito para estar listo para comprar una casa. No queremos que la gente espere para comenzar a trabajar en esto hasta que las unidades est\u00e1n disponibles, ya que puede ser demasiado tarde. Por favor, comience este trabajo ahora por uniendose a la pr\u00f3xima clase (enlace a  clases de educaci\u00f3n financiera). <\/p>\n\n\t\t<\/div>\n\t<\/div>\n<\/div><\/div><div class=\"vc_tta-panel\" id=\"1653999407515-f8560013-3cc5\" data-vc-content=\".vc_tta-panel-body\"><div class=\"vc_tta-panel-heading\"><h4 class=\"vc_tta-panel-title vc_tta-controls-icon-position-left\"><a href=\"#1653999407515-f8560013-3cc5\" data-vc-accordion data-vc-container=\".vc_tta-container\"><span class=\"vc_tta-title-text\">Gastar demasiado en vivienda puede afectar mi salud?<\/span><i class=\"vc_tta-controls-icon vc_tta-controls-icon-chevron\"><\/i><\/a><\/h4><\/div><div class=\"vc_tta-panel-body\">\n\t<div class=\"wpb_text_column wpb_content_element\" >\n\t\t<div class=\"wpb_wrapper\">\n\t\t\t<p>S\u00ed, se ha demostrado que tener una carga de costos (gastar m\u00e1s de 30% de sus ingresos en  vivienda) o experimentar inestabilidad en la vivienda esta relacionado con mayores tasas de:<\/p>\n<ul>\n<li>Abuso de sustancias<\/li>\n<li>Problemas cardiovasculares<\/li>\n<li>Diabetes<\/li>\n<li>Crisis de salud mental<\/li>\n<li>Abuso dom\u00e9stico<\/li>\n<\/ul>\n<p>Adem\u00e1s, si un hogar gasta demasiado en vivienda, tiene dinero limitado para gastar en alimentos saludables, atenci\u00f3n m\u00e9dica, ejercicio y oportunidades de relajaci\u00f3n que impactan en general.<\/p>\n<p>A continuaci\u00f3n, un v\u00eddeo de 9 minutos <a href=\"https:\/\/youtu.be\/zNzFnHL-8Zk\" target=\"_blank\" rel=\"noopener\">video<\/a> explicando la conexi\u00f3n entre la vivienda y la salud.<\/p>\n\n\t\t<\/div>\n\t<\/div>\n<\/div><\/div><div class=\"vc_tta-panel\" id=\"1653999408191-f261634d-7cba\" data-vc-content=\".vc_tta-panel-body\"><div class=\"vc_tta-panel-heading\"><h4 class=\"vc_tta-panel-title vc_tta-controls-icon-position-left\"><a href=\"#1653999408191-f261634d-7cba\" data-vc-accordion data-vc-container=\".vc_tta-container\"><span class=\"vc_tta-title-text\">\u00bfD\u00f3nde puedo aprender m\u00e1s sobre toda esta jerga de la vivienda?<\/span><i class=\"vc_tta-controls-icon vc_tta-controls-icon-chevron\"><\/i><\/a><\/h4><\/div><div class=\"vc_tta-panel-body\">\n\t<div class=\"wpb_text_column wpb_content_element\" >\n\t\t<div class=\"wpb_wrapper\">\n\t\t\t<p>S\u00ed, haga clic aqu\u00ed para revisar el <a href=\"https:\/\/docs.google.com\/document\/d\/1SJAF18PpvwBWpJ4mbNnOTzsThXPiENv-PgxGb2yLAvY\/edit?usp=sharing\" target=\"_blank\" rel=\"noopener\">Glosario de t\u00e9rminos de vivienda<\/a>.<\/p>\n\n\t\t<\/div>\n\t<\/div>\n<\/div><\/div><div class=\"vc_tta-panel\" id=\"1653999408892-2b453eff-7613\" data-vc-content=\".vc_tta-panel-body\"><div class=\"vc_tta-panel-heading\"><h4 class=\"vc_tta-panel-title vc_tta-controls-icon-position-left\"><a href=\"#1653999408892-2b453eff-7613\" data-vc-accordion data-vc-container=\".vc_tta-container\"><span class=\"vc_tta-title-text\">\u00bfC\u00f3mo puedo involucrarme?<\/span><i class=\"vc_tta-controls-icon vc_tta-controls-icon-chevron\"><\/i><\/a><\/h4><\/div><div class=\"vc_tta-panel-body\">\n\t<div class=\"wpb_text_column wpb_content_element\" >\n\t\t<div class=\"wpb_wrapper\">\n\t\t\t<p>Si le preocupa la vivienda y quiere participar en Housing Coalition, env\u00ede un correo electr\u00f3nico a <a href=\"mailto:Kristi@lcbag.org\">Kristi@lcbag.org<\/a>. Tambi\u00e9n puede participar en cualquier reuni\u00f3n de vivienda p\u00fablica, ir a nuestro <a href=\"https:\/\/housinglake.org\/es\/calendar\/\" target=\"_blank\" rel=\"noopener\">calendario<\/a> para encontrar la informaci\u00f3n de la pr\u00f3xima reuni\u00f3n.<\/p>\n\n\t\t<\/div>\n\t<\/div>\n<\/div><\/div><\/div><\/div><\/div><\/div><\/div><\/div><\/div><\/div>","protected":false},"excerpt":{"rendered":"FAQsPreguntas frecuentes sobre la vivienda en el Condado de Lake\u00bfQu\u00e9 es la vivienda comunitaria? Comunidad de Vivienda es el t\u00e9rmino que la Coalici\u00f3n de Vivienda del Condado de Lake utiliza para describir asequible, alcanzable, y la fuerza de trabajo de la vivienda cuando se aboga por cuestiones de vivienda. Comunidad de Vivienda se construye...","protected":false},"author":1,"featured_media":0,"parent":0,"menu_order":0,"comment_status":"closed","ping_status":"closed","template":"","meta":{"footnotes":""},"class_list":["post-46","page","type-page","status-publish","hentry"],"aioseo_notices":[],"_links":{"self":[{"href":"https:\/\/housinglake.org\/es\/wp-json\/wp\/v2\/pages\/46","targetHints":{"allow":["GET"]}}],"collection":[{"href":"https:\/\/housinglake.org\/es\/wp-json\/wp\/v2\/pages"}],"about":[{"href":"https:\/\/housinglake.org\/es\/wp-json\/wp\/v2\/types\/page"}],"author":[{"embeddable":true,"href":"https:\/\/housinglake.org\/es\/wp-json\/wp\/v2\/users\/1"}],"replies":[{"embeddable":true,"href":"https:\/\/housinglake.org\/es\/wp-json\/wp\/v2\/comments?post=46"}],"version-history":[{"count":9,"href":"https:\/\/housinglake.org\/es\/wp-json\/wp\/v2\/pages\/46\/revisions"}],"predecessor-version":[{"id":421,"href":"https:\/\/housinglake.org\/es\/wp-json\/wp\/v2\/pages\/46\/revisions\/421"}],"wp:attachment":[{"href":"https:\/\/housinglake.org\/es\/wp-json\/wp\/v2\/media?parent=46"}],"curies":[{"name":"wp","href":"https:\/\/api.w.org\/{rel}","templated":true}]}}