{"id":44,"date":"2022-05-14T20:59:01","date_gmt":"2022-05-15T02:59:01","guid":{"rendered":"https:\/\/housinglake.org\/?page_id=44"},"modified":"2022-10-03T13:34:55","modified_gmt":"2022-10-03T19:34:55","slug":"recent-housing-activity","status":"publish","type":"page","link":"https:\/\/housinglake.org\/es\/about\/recent-housing-activity\/","title":{"rendered":"Actividad inmobiliaria reciente"},"content":{"rendered":"<div class=\"vc_row wpb_row vc_row-fluid\"><div class=\"wpb_column vc_column_container vc_col-sm-12\"><div class=\"vc_column-inner\"><div class=\"wpb_wrapper\"><h1 class='center  hasSubText below'>Actividad inmobiliaria reciente<span class='sub'>\u00a1Est\u00e1n sucediendo cosas con respecto a la vivienda en el Condado de Lake!<\/span><\/h1>\n\t<div class=\"wpb_text_column wpb_content_element\" >\n\t\t<div class=\"wpb_wrapper\">\n\t\t\t<p>Hay mucho impulso en nuestra comunidad con respecto a la vivienda. Esta p\u00e1gina servir\u00e1 como una ubicacion central para ayudar a los miembros de la comunidad y a los funcionarios elegidos\/designados a mantenerse actualizados sobre todas las actividades de vivienda.<\/p>\n\n\t\t<\/div>\n\t<\/div>\n<\/div><\/div><\/div><\/div><div class=\"vc_row wpb_row vc_row-fluid\"><div class=\"wpb_column vc_column_container vc_col-sm-12\"><div class=\"vc_column-inner\"><div class=\"wpb_wrapper\"><h2 class=''>Actualizaciones mensuales<\/h2>\n\t<div  class=\"wpb_single_image wpb_content_element vc_align_left\">\n\t\t\n\t\t<figure class=\"wpb_wrapper vc_figure\">\n\t\t\t<div class=\"vc_single_image-wrapper   vc_box_border_grey\"><img loading=\"lazy\" decoding=\"async\" width=\"1707\" height=\"960\" src=\"https:\/\/housinglake.org\/wp-content\/uploads\/2022\/10\/Housing-Update-Slide-October-2022-pdf.jpg\" class=\"vc_single_image-img attachment-full\" alt=\"\" title=\"Diapositiva de actualizaci\u00f3n de la vivienda Octubre 2022\" \/><\/div>\n\t\t<\/figure>\n\t<\/div>\n<\/div><\/div><\/div><\/div><div class=\"vc_row wpb_row vc_row-fluid\"><div class=\"wpb_column vc_column_container vc_col-sm-12\"><div class=\"vc_column-inner\"><div class=\"wpb_wrapper\"><div class=\"vc_separator wpb_content_element vc_separator_align_center vc_sep_width_60 vc_sep_border_width_5 vc_sep_pos_align_center vc_separator_no_text\" ><span class=\"vc_sep_holder vc_sep_holder_l\"><span  style=\"border-color:#f7c657;\" class=\"vc_sep_line\"><\/span><\/span><span class=\"vc_sep_holder vc_sep_holder_r\"><span  style=\"border-color:#f7c657;\" class=\"vc_sep_line\"><\/span><\/span>\n<\/div><\/div><\/div><\/div><\/div><div class=\"vc_row wpb_row vc_row-fluid\"><div class=\"wpb_column vc_column_container vc_col-sm-6\"><div class=\"vc_column-inner\"><div class=\"wpb_wrapper\">\n\t<div  class=\"wpb_single_image wpb_content_element vc_align_left\">\n\t\t\n\t\t<figure class=\"wpb_wrapper vc_figure\">\n\t\t\t<div class=\"vc_single_image-wrapper   vc_box_border_grey\"><img loading=\"lazy\" decoding=\"async\" width=\"1280\" height=\"854\" src=\"https:\/\/housinglake.org\/wp-content\/uploads\/2022\/06\/Housing-Visioning.jpg\" class=\"vc_single_image-img attachment-full\" alt=\"\" title=\"Visi\u00f3n de la vivienda\" srcset=\"https:\/\/housinglake.org\/wp-content\/uploads\/2022\/06\/Housing-Visioning.jpg 1280w, https:\/\/housinglake.org\/wp-content\/uploads\/2022\/06\/Housing-Visioning-300x200.jpg 300w, https:\/\/housinglake.org\/wp-content\/uploads\/2022\/06\/Housing-Visioning-1024x683.jpg 1024w, https:\/\/housinglake.org\/wp-content\/uploads\/2022\/06\/Housing-Visioning-768x512.jpg 768w, https:\/\/housinglake.org\/wp-content\/uploads\/2022\/06\/Housing-Visioning-18x12.jpg 18w\" sizes=\"auto, (max-width: 1280px) 100vw, 1280px\" \/><\/div>\n\t\t<\/figure>\n\t<\/div>\n<\/div><\/div><\/div><div class=\"wpb_column vc_column_container vc_col-sm-6\"><div class=\"vc_column-inner\"><div class=\"wpb_wrapper\"><h3 class=''>Trabajo de pol\u00edtica de la ciudad y el condado<\/h3>\n\t<div class=\"wpb_text_column wpb_content_element\" >\n\t\t<div class=\"wpb_wrapper\">\n\t\t\t<p>El condado y la ciudad est\u00e1n trabajando en una estrategia de aplicaci\u00f3n de pol\u00edticas hasta el oto\u00f1o de 2022 para preparar la subvenci\u00f3n de incentivos. M\u00e1s informaci\u00f3n sobre la subvenci\u00f3n de incentivos <a href=\"https:\/\/cdola.colorado.gov\/1271\" target=\"_blank\" rel=\"noopener\">aqu\u00ed<\/a>. Las reuniones relacionadas con este proyecto est\u00e1n en el <a href=\"https:\/\/housinglake.org\/es\/calendar\/\">calendario<\/a>.<\/p>\n\n\t\t<\/div>\n\t<\/div>\n<\/div><\/div><\/div><\/div><div class=\"vc_row wpb_row vc_row-fluid\"><div class=\"wpb_column vc_column_container vc_col-sm-12\"><div class=\"vc_column-inner\"><div class=\"wpb_wrapper\"><div class=\"vc_separator wpb_content_element vc_separator_align_center vc_sep_width_60 vc_sep_border_width_5 vc_sep_pos_align_center vc_separator_no_text\" ><span class=\"vc_sep_holder vc_sep_holder_l\"><span  style=\"border-color:#f7c657;\" class=\"vc_sep_line\"><\/span><\/span><span class=\"vc_sep_holder vc_sep_holder_r\"><span  style=\"border-color:#f7c657;\" class=\"vc_sep_line\"><\/span><\/span>\n<\/div><\/div><\/div><\/div><\/div><div class=\"vc_row wpb_row vc_row-fluid\"><div class=\"wpb_column vc_column_container vc_col-sm-12\"><div class=\"vc_column-inner\"><div class=\"wpb_wrapper\"><h2 class='center  hasSubText below'>Logros<span class='sub'>the housing Coalition ha tenido un GRAN IMPACTO.<\/span><\/h2>\n\t<div class=\"wpb_text_column wpb_content_element\" >\n\t\t<div class=\"wpb_wrapper\">\n\t\t\t<p>Housing Coalition ha tenido un gran impacto en nuestra comunidad. Vea algunos de sus logros a continuaci\u00f3n. Para unirse a este impactante grupo, env\u00ede un correo electr\u00f3nico a <a href=\"mailto:kristi@lcbag.org\">kristi@lcbag.org<\/a>.<\/p>\n\n\t\t<\/div>\n\t<\/div>\n\n\t<div  class=\"wpb_single_image wpb_content_element vc_align_left\">\n\t\t\n\t\t<figure class=\"wpb_wrapper vc_figure\">\n\t\t\t<div class=\"vc_single_image-wrapper   vc_box_border_grey\"><img loading=\"lazy\" decoding=\"async\" width=\"335\" height=\"746\" src=\"https:\/\/housinglake.org\/wp-content\/uploads\/2022\/05\/Screen-Shot-2022-05-31-at-12.38.20-PM.png\" class=\"vc_single_image-img attachment-full\" alt=\"\" title=\"Captura de pantalla 2022-05-31 a las 12.38.20 PM\" srcset=\"https:\/\/housinglake.org\/wp-content\/uploads\/2022\/05\/Screen-Shot-2022-05-31-at-12.38.20-PM.png 335w, https:\/\/housinglake.org\/wp-content\/uploads\/2022\/05\/Screen-Shot-2022-05-31-at-12.38.20-PM-135x300.png 135w, https:\/\/housinglake.org\/wp-content\/uploads\/2022\/05\/Screen-Shot-2022-05-31-at-12.38.20-PM-5x12.png 5w\" sizes=\"auto, (max-width: 335px) 100vw, 335px\" \/><\/div>\n\t\t<\/figure>\n\t<\/div>\n<\/div><\/div><\/div><\/div>","protected":false},"excerpt":{"rendered":"Actividad reciente en materia de vivienda\u00a1Est\u00e1n sucediendo cosas con respecto a la vivienda en el Condado de Lake! Hay un gran impulso en nuestra comunidad con respecto a la vivienda. Esta p\u00e1gina servir\u00e1 como una ubicaci\u00f3n central para ayudar a los miembros de la comunidad y los funcionarios elegidos \/ nombrados mantenerse al d\u00eda...","protected":false},"author":1,"featured_media":0,"parent":34,"menu_order":0,"comment_status":"closed","ping_status":"closed","template":"","meta":{"footnotes":""},"class_list":["post-44","page","type-page","status-publish","hentry"],"aioseo_notices":[],"_links":{"self":[{"href":"https:\/\/housinglake.org\/es\/wp-json\/wp\/v2\/pages\/44","targetHints":{"allow":["GET"]}}],"collection":[{"href":"https:\/\/housinglake.org\/es\/wp-json\/wp\/v2\/pages"}],"about":[{"href":"https:\/\/housinglake.org\/es\/wp-json\/wp\/v2\/types\/page"}],"author":[{"embeddable":true,"href":"https:\/\/housinglake.org\/es\/wp-json\/wp\/v2\/users\/1"}],"replies":[{"embeddable":true,"href":"https:\/\/housinglake.org\/es\/wp-json\/wp\/v2\/comments?post=44"}],"version-history":[{"count":10,"href":"https:\/\/housinglake.org\/es\/wp-json\/wp\/v2\/pages\/44\/revisions"}],"predecessor-version":[{"id":489,"href":"https:\/\/housinglake.org\/es\/wp-json\/wp\/v2\/pages\/44\/revisions\/489"}],"up":[{"embeddable":true,"href":"https:\/\/housinglake.org\/es\/wp-json\/wp\/v2\/pages\/34"}],"wp:attachment":[{"href":"https:\/\/housinglake.org\/es\/wp-json\/wp\/v2\/media?parent=44"}],"curies":[{"name":"wp","href":"https:\/\/api.w.org\/{rel}","templated":true}]}}