{"id":42,"date":"2022-05-14T20:58:44","date_gmt":"2022-05-15T02:58:44","guid":{"rendered":"https:\/\/housinglake.org\/?page_id=42"},"modified":"2024-03-14T09:25:17","modified_gmt":"2024-03-14T15:25:17","slug":"reports","status":"publish","type":"page","link":"https:\/\/housinglake.org\/es\/about\/reports\/","title":{"rendered":"Informes"},"content":{"rendered":"<div class=\"vc_row wpb_row vc_row-fluid\"><div class=\"wpb_column vc_column_container vc_col-sm-12\"><div class=\"vc_column-inner\"><div class=\"wpb_wrapper\"><h1 class='center'>Informes<\/h1>\n\t<div class=\"wpb_text_column wpb_content_element\" >\n\t\t<div class=\"wpb_wrapper\">\n\t\t\t<p>Lake County Housing Coalition ha recaudado fondos y ha apoyado los siguientes informes de vivienda que gu\u00edan el trabajo de vivienda en nuestra comunidad. <\/p>\n\n\t\t<\/div>\n\t<\/div>\n<\/div><\/div><\/div><\/div><div class=\"vc_row wpb_row vc_row-fluid\"><div class=\"wpb_column vc_column_container vc_col-sm-8\"><div class=\"vc_column-inner\"><div class=\"wpb_wrapper\"><h3 class=''>Plan estrat\u00e9gico para las personas sin hogar 2023<\/h3>\n\t<div class=\"wpb_text_column wpb_content_element\" >\n\t\t<div class=\"wpb_wrapper\">\n\t\t\t<p>La Subcomisi\u00f3n de Personas sin Hogar est\u00e1 formada por numerosos representantes<br \/>\nde los proveedores de servicios en Lake County. Este informe tiene objetivos espec\u00edficos para el subcomit\u00e9 y tambi\u00e9n para cada uno de los proveedores de servicios \u00fanicos que participaron. Esto nos permiti\u00f3 recoger los objetivos de<br \/>\nestas organizaciones y compilarlas en un documento cohesionado para que<br \/>\npuedan trabajar de forma m\u00e1s estrat\u00e9gica en el futuro. Consulte a continuaci\u00f3n la lista completa de proveedores de servicios participantes:<\/p>\n<p>Advocates del Condado de Lake<br \/>\nCentro de Conservaci\u00f3n de la Ciudad de las Nubes<br \/>\nCiudad de Leadville<br \/>\nIglesia Cornerstone<br \/>\nC\u00edrculo completo<br \/>\nGobierno del Condado de Lake<br \/>\nBiblioteca P\u00fablica del Condado de Lake<br \/>\nDistrito escolar del condado de Lake<br \/>\nDepartamento del Sheriff del Condado de Lake<br \/>\nWraparound del condado de Lake<br \/>\nDepartamento de Polic\u00eda de Leadville<br \/>\nEstaci\u00f3n de Guardaparques de Leadville<br \/>\nLeadville Autoridad regional de la vivienda del condado de Lake<br \/>\nSolvista Salud<br \/>\nIglesia Episcopal de San Jorge<br \/>\nSan Vicente Salud<\/p>\n<p>Los objetivos se organizan en tres categor\u00edas:<\/p>\n<ol>\n<li>Estrategias de prevenci\u00f3n<\/li>\n<li>Estrategias de respuesta a las crisis<\/li>\n<li>Soluciones a largo plazo para los sin techo<\/li>\n<\/ol>\n<p>Consulte el informe completo para conocer todos los detalles.<\/p>\n\n\t\t<\/div>\n\t<\/div>\n<\/div><\/div><\/div><div class=\"wpb_column vc_column_container vc_col-sm-4\"><div class=\"vc_column-inner\"><div class=\"wpb_wrapper\"><div class='tdlButtonWrapper'><a class='tdlButton' href='https:\/\/drive.google.com\/file\/d\/1tTYsoZzcj4YRSruTZl8nL5wd3DudQ0lT\/view?usp=sharing' target=''>Ver informe completo<\/a><\/div><\/div><\/div><\/div><\/div><div class=\"vc_row wpb_row vc_row-fluid\"><div class=\"wpb_column vc_column_container vc_col-sm-8\"><div class=\"vc_column-inner\"><div class=\"wpb_wrapper\"><h3 class=''>Evaluaci\u00f3n de necesidades de personas sin hogar 2022<\/h3>\n\t<div class=\"wpb_text_column wpb_content_element\" >\n\t\t<div class=\"wpb_wrapper\">\n\t\t\t<p>Los comentarios recopilados revelaron lo siguiente:<br \/>\nHay un estimado <strong>10 a 30<\/strong> miembros de la comunidad sin hogar en el condado de Lake en una sola noche. La falta de viviendas disponibles y asequibles fue el hilo conductor en todos los comentarios. Este desaf\u00edo parece haber aumentado significativamente en los \u00faltimos tres a\u00f1os, ya que la comunidad ha visto un r\u00e1pido aumento en los alquileres y una reducci\u00f3n de las vacantes en el inventario local de alquileres.  Expertos en la materia en todo el condado de Lake con frecuencia hicieron comentarios como \"La vivienda es imposible\", \"La vivienda est\u00e1 fuera de control\", \"El alquiler se ha disparado\". Algunas de las consecuencias de la disparidad entre los salarios, los beneficios y la disponibilidad de<br \/>\nviviendas asequibles en el condado de Lake son:<\/p>\n<p>1. Familias que se duplican en unidades de viviendap refabricadas.<br \/>\n2. Familias que viven en viviendas precarias sin agua corriente ni electricidad.<br \/>\n3. Varias personas solteras que viven en apartamentos de una habitaci\u00f3n.<br \/>\n4. Personas que viven en automoviles y acampan por necesidad.<\/p>\n<p>Las oportunidades se incluyen en estas categor\u00edas: Prevenci\u00f3n de personas sin hogar, respuesta a crisis y soluciones a largo plazo.<\/p>\n\n\t\t<\/div>\n\t<\/div>\n<\/div><\/div><\/div><div class=\"wpb_column vc_column_container vc_col-sm-4\"><div class=\"vc_column-inner\"><div class=\"wpb_wrapper\"><div class='tdlButtonWrapper center'><a class='tdlButton' href='https:\/\/drive.google.com\/file\/d\/1HkMXAqqKkwz9pTEfAGhBMsETsJM6opR9\/view?usp=sharing' target='_blank'>Ver informe completo<\/a><\/div><\/div><\/div><\/div><\/div><div class=\"vc_row wpb_row vc_row-fluid\"><div class=\"wpb_column vc_column_container vc_col-sm-8\"><div class=\"vc_column-inner\"><div class=\"wpb_wrapper\"><h3 class=''>Hallazgos clave del plan de accion de vivienda de 2019<\/h3>\n\t<div class=\"wpb_text_column wpb_content_element\" >\n\t\t<div class=\"wpb_wrapper\">\n\t\t\t<ul>\n<li>Rangos AMI- La coalici\u00f3n debe buscar incentivar proyectos de vivienda para hogares que ganan 120% AMI o menos. La coalici\u00f3n debe buscar incentivar los proyectos de propiedad de vivienda para los hogares que ganan 80% AMI o menos.<\/li>\n<li>El condado de Lake debe solicitar una financiaci\u00f3n del 9% LIHTC para llevar a buen termino un desarollo de viviendas comunitarias.<\/li>\n<li>Se recomiendan tres mecanismos de financiaci\u00f3n.\n<ul>\n<li>Impuesto especial sobre las ventas en alquileres a corto plazo.<br \/>\n<em>Esto fue aprobado por los votantes de la ciudad de Leadville en 2021.<\/em><\/li>\n<li>Asignaci\u00f3n del impuesto sobre las ventas recaudado sobre los materiales de construcci\u00f3n. El condado y la ciudad recaudan impuestos sobre las ventas de los materiales de construcci\u00f3n entregados al condado de Lake. Si podemos averiguar la cantidad que se recauda, lo haremos en cuanto a una asignaci\u00f3n de fondo generales.<br \/>\n<em>Se podria tomar una decicion por parte de La Junta de comisionados del condado y el consejo de la ciudad<\/em><\/li>\n<li>Activaci\u00f3n de parte de las mil\u00e9simas no utilizadas.<br \/>\n<em>Este mecanismo de financiaci\u00f3n ya no es relevante ya que los comisionados del condado activaron las milesimas para la construcci\u00f3n del Centro de Justicia.<\/em><\/li>\n<\/ul>\n<\/li>\n<li>La coalici\u00f3n debe facilitar debates en toda la comunidad sobre la implementacion de restricciones de escritura para preservar la asequibilidad de las unidades de viviendas en el futuro.<\/li>\n<li>Desarrollar una Autoridad de Vivienda Multijurisdiccional.<\/li>\n<\/ul>\n\n\t\t<\/div>\n\t<\/div>\n<\/div><\/div><\/div><div class=\"wpb_column vc_column_container vc_col-sm-4\"><div class=\"vc_column-inner\"><div class=\"wpb_wrapper\"><div class='tdlButtonWrapper center'><a class='tdlButton' href='https:\/\/housinglake.org\/wp-content\/uploads\/2022\/05\/2019_Lake-County-Housing-Action-Plan_FINAL.pdf' target='_blank'>Ver informe completo<\/a><\/div><\/div><\/div><\/div><\/div><div class=\"vc_row wpb_row vc_row-fluid\"><div class=\"wpb_column vc_column_container vc_col-sm-12\"><div class=\"vc_column-inner\"><div class=\"wpb_wrapper\"><h3 class=''>Informes MURP 2019<\/h3>\n\t<div class=\"wpb_text_column wpb_content_element\" >\n\t\t<div class=\"wpb_wrapper\">\n\t\t\t<p>En la primavera de 2019, un grupo de estudiantes de maestr\u00eda en planificaci\u00f3n urbana de la Universidad de Colorado, Denver, estudi\u00f3  viviendas asequible en el condado de Leadville Lake e hizo recomendaciones sobre  viviendas asequible, que resulto en los siguientes tres informes.<\/p>\n\n\t\t<\/div>\n\t<\/div>\n<\/div><\/div><\/div><\/div><div class=\"vc_row wpb_row vc_row-fluid\"><div class=\"wpb_column vc_column_container vc_col-sm-8\"><div class=\"vc_column-inner\"><div class=\"wpb_wrapper\"><h3 class=''>Conceptos de dise\u00f1o comunitario<\/h3>\n\t<div class=\"wpb_text_column wpb_content_element\" >\n\t\t<div class=\"wpb_wrapper\">\n\t\t\t<p>Este informe hizo recomendaciones sobre la ubicaci\u00f3n \u00f3ptima para construir viviendas comunitarias asequibles. Evaluaron tres sitios, el de Westpark, el de Climax y el del Distrito Escolar, y descubrieron que el sitio de Climax era el m\u00e1s adecuado para un desarrollo de viviendas comunitarias de Cr\u00e9dito Fiscal para la Vivienda de Bajos Ingresos (LIHTC).<\/p>\n\n\t\t<\/div>\n\t<\/div>\n<\/div><\/div><\/div><div class=\"wpb_column vc_column_container vc_col-sm-4\"><div class=\"vc_column-inner\"><div class=\"wpb_wrapper\"><div class='tdlButtonWrapper center'><a class='tdlButton' href='https:\/\/housinglake.org\/wp-content\/uploads\/2022\/05\/Elevate_FinalReport-1.pdf' target='_blank'>Ver informe<\/a><\/div><\/div><\/div><\/div><\/div><div class=\"vc_row wpb_row vc_row-fluid\"><div class=\"wpb_column vc_column_container vc_col-sm-4\"><div class=\"vc_column-inner\"><div class=\"wpb_wrapper\"><h4 class=''>Recomendaciones pol\u00edticas<\/h4>\n\t<div class=\"wpb_text_column wpb_content_element\" >\n\t\t<div class=\"wpb_wrapper\">\n\t\t\t<p>Nada en una comunidad obra en la insolacion; cada pieza del rompecabezas debe estar ssludable y funcionando para apoyar no s\u00f3lo a los residentes sino tambi\u00e9n a los dem\u00e1s elementos de la comunidad. Las recomendaciones de pol\u00edticas de este informe re\u00fanen conceptos de varios planes ya redactados para Leadville y el condado de Lake. Las recomendaciones de pol\u00edtica son sobre vivienda, econom\u00eda, transporte y  energ\u00eda.<\/p>\n\n\t\t<\/div>\n\t<\/div>\n<div class='tdlButtonWrapper center'><a class='tdlButton' href='https:\/\/housinglake.org\/wp-content\/uploads\/2022\/05\/Elevate_FinalReport-1.pdf' target='_blank'>Ver informe<\/a><\/div><\/div><\/div><\/div><div class=\"wpb_column vc_column_container vc_col-sm-4\"><div class=\"vc_column-inner\"><div class=\"wpb_wrapper\"><h4 class=''>Directrices de relleno<\/h4>\n\t<div class=\"wpb_text_column wpb_content_element\" >\n\t\t<div class=\"wpb_wrapper\">\n\t\t\t<p>El desarrollo de viviendas de relleno se relaciona con la construcci\u00f3n en peque\u00f1as parcelas subdesarrolladas o sin desarrolladar dispersas por toda la comunidad. Este informe proporciona un plan de vivienda de relleno asequible para las parcelas vacantes de Leadville.<\/p>\n\n\t\t<\/div>\n\t<\/div>\n<div class='tdlButtonWrapper center'><a class='tdlButton' href='https:\/\/housinglake.org\/wp-content\/uploads\/2022\/05\/Leadville_InfillDesignGuidelines_FinalReport-1.pdf' target='_blank'>Ver informe<\/a><\/div><\/div><\/div><\/div><div class=\"wpb_column vc_column_container vc_col-sm-4\"><div class=\"vc_column-inner\"><div class=\"wpb_wrapper\"><h4 class=''>Barreras para alquilar y ser propetario de una vivienda en el condado de Lake colorado de 2019<\/h4>\n\t<div class=\"wpb_text_column wpb_content_element\" >\n\t\t<div class=\"wpb_wrapper\">\n\t\t\t<p>Este informe presenta datos obtenidos de una iniciativa de investigaci\u00f3n de vivienda realizada por Lead Housing Facilitator de Lake County Build a Generation. Se realizaron entrevistas con expertos locales en vivienda y residentes de la comunidad que podr\u00edan beneficiarse de la implementacion futura de Housing Coalition Action Plan. El informe dio como resultado lo siguiente<\/p>\n\n\t\t<\/div>\n\t<\/div>\n<div class='tdlButtonWrapper center'><a class='tdlButton' href='https:\/\/housinglake.org\/wp-content\/uploads\/2022\/05\/Lake_County_Housing_Barriers_Final-1.pdf' target='_blank'>Ver informe<\/a><\/div><\/div><\/div><\/div><\/div><div class=\"vc_row wpb_row vc_row-fluid\"><div class=\"wpb_column vc_column_container vc_col-sm-12\"><div class=\"vc_column-inner\"><div class=\"wpb_wrapper\"><div class=\"vc_empty_space\"   style=\"height: 70px\"><span class=\"vc_empty_space_inner\"><\/span><\/div><\/div><\/div><\/div><\/div><div class=\"vc_row wpb_row vc_row-fluid\"><div class=\"wpb_column vc_column_container vc_col-sm-8\"><div class=\"vc_column-inner\"><div class=\"wpb_wrapper\"><h3 class=''>Hallazgos clave del Plan de Acci\u00f3n de Vivienda de 2018<\/h3>\n\t<div class=\"wpb_text_column wpb_content_element\" >\n\t\t<div class=\"wpb_wrapper\">\n\t\t\t<p>Cuando una comunidad tiene una vivienda inadecuada, no s\u00f3lo se ve afectada la salud de los miembros de la comunidad, sino que tambi\u00e9n se obstaculiza el desarrollo econ\u00f3mico, ya que es dif\u00edcil para los empresarios contratar y retener a los empleados.<\/p>\n<p>Se identificaron cinco cuestiones clave (revise el documento completo para m\u00e1s detalles):<\/p>\n<ol>\n<li>Oferta de vivienda inadecuada<\/li>\n<li>Retos a los que se enfrenta el nuevo desarrollo de  viviendas<\/li>\n<li>Ubicaci\u00f3n y contexto regional del Condado de Lake<\/li>\n<li>Continua presion sobre los precios<\/li>\n<li>V\u00ednculos con el empleo y el desarrollo econ\u00f3mico<\/li>\n<\/ol>\n\n\t\t<\/div>\n\t<\/div>\n<\/div><\/div><\/div><div class=\"wpb_column vc_column_container vc_col-sm-4\"><div class=\"vc_column-inner\"><div class=\"wpb_wrapper\"><div class='tdlButtonWrapper center'><a class='tdlButton' href='https:\/\/housinglake.org\/wp-content\/uploads\/2022\/05\/2018-Leadville-Lake-County-Final-EPS-Housing-Study.pdf' target='_blank'>Ver informe completo<\/a><\/div><\/div><\/div><\/div><\/div>","protected":false},"excerpt":{"rendered":"Informes La Coalici\u00f3n de Vivienda de Lake County ha recaudado fondos y apoyado los siguientes informes de vivienda que gu\u00edan el trabajo de vivienda en nuestra comunidad. 2023 Homeless Strategic Plann El Subcomit\u00e9 de Personas sin Hogar est\u00e1 formado por muchos representantes de los servicios...","protected":false},"author":1,"featured_media":0,"parent":34,"menu_order":0,"comment_status":"closed","ping_status":"closed","template":"","meta":{"footnotes":""},"class_list":["post-42","page","type-page","status-publish","hentry"],"aioseo_notices":[],"_links":{"self":[{"href":"https:\/\/housinglake.org\/es\/wp-json\/wp\/v2\/pages\/42","targetHints":{"allow":["GET"]}}],"collection":[{"href":"https:\/\/housinglake.org\/es\/wp-json\/wp\/v2\/pages"}],"about":[{"href":"https:\/\/housinglake.org\/es\/wp-json\/wp\/v2\/types\/page"}],"author":[{"embeddable":true,"href":"https:\/\/housinglake.org\/es\/wp-json\/wp\/v2\/users\/1"}],"replies":[{"embeddable":true,"href":"https:\/\/housinglake.org\/es\/wp-json\/wp\/v2\/comments?post=42"}],"version-history":[{"count":10,"href":"https:\/\/housinglake.org\/es\/wp-json\/wp\/v2\/pages\/42\/revisions"}],"predecessor-version":[{"id":565,"href":"https:\/\/housinglake.org\/es\/wp-json\/wp\/v2\/pages\/42\/revisions\/565"}],"up":[{"embeddable":true,"href":"https:\/\/housinglake.org\/es\/wp-json\/wp\/v2\/pages\/34"}],"wp:attachment":[{"href":"https:\/\/housinglake.org\/es\/wp-json\/wp\/v2\/media?parent=42"}],"curies":[{"name":"wp","href":"https:\/\/api.w.org\/{rel}","templated":true}]}}