{"id":38,"date":"2022-05-14T20:58:17","date_gmt":"2022-05-15T02:58:17","guid":{"rendered":"https:\/\/housinglake.org\/?page_id=38"},"modified":"2022-06-24T10:29:42","modified_gmt":"2022-06-24T16:29:42","slug":"board-and-staff","status":"publish","type":"page","link":"https:\/\/housinglake.org\/es\/about\/board-and-staff\/","title":{"rendered":"Junta Directiva y personal"},"content":{"rendered":"<div class=\"vc_row wpb_row vc_row-fluid\"><div class=\"wpb_column vc_column_container vc_col-sm-12\"><div class=\"vc_column-inner\"><div class=\"wpb_wrapper\"><h1 class='center  hasSubText below'>Nuestra gente<span class='sub'>Nuestro equipo  trabajador est\u00e1 compuesto por empleados y voluntarios.<\/span><\/h1>\n\t<div  class=\"wpb_single_image wpb_content_element vc_align_center\">\n\t\t\n\t\t<figure class=\"wpb_wrapper vc_figure\">\n\t\t\t<div class=\"vc_single_image-wrapper   vc_box_border_grey\"><img loading=\"lazy\" decoding=\"async\" width=\"1280\" height=\"598\" src=\"https:\/\/housinglake.org\/wp-content\/uploads\/2022\/05\/Housing-Coalition-e1654534766579.jpg\" class=\"vc_single_image-img attachment-full\" alt=\"\" title=\"Housing Coalition\" srcset=\"https:\/\/housinglake.org\/wp-content\/uploads\/2022\/05\/Housing-Coalition-e1654534766579.jpg 1280w, https:\/\/housinglake.org\/wp-content\/uploads\/2022\/05\/Housing-Coalition-e1654534766579-300x140.jpg 300w, https:\/\/housinglake.org\/wp-content\/uploads\/2022\/05\/Housing-Coalition-e1654534766579-1024x478.jpg 1024w, https:\/\/housinglake.org\/wp-content\/uploads\/2022\/05\/Housing-Coalition-e1654534766579-768x359.jpg 768w, https:\/\/housinglake.org\/wp-content\/uploads\/2022\/05\/Housing-Coalition-e1654534766579-18x8.jpg 18w\" sizes=\"auto, (max-width: 1280px) 100vw, 1280px\" \/><\/div>\n\t\t<\/figure>\n\t<\/div>\n<h2 class='center  hasSubText below'>Acerca de<span class='sub'>The Housing Coalition<\/span><\/h2>\n\t<div class=\"wpb_text_column wpb_content_element\" >\n\t\t<div class=\"wpb_wrapper\">\n\t\t\t<p>Desde 2016, Lake County Housing Coalition ha estado trabajando para apoyar los esfuerzos de vivienda en nuestra comunidad. Housing Coalition es un grupo de personas voluntarias que se preocupan por la vivienda. La membres\u00eda es gratuita y est\u00e1 abierta a cualquier miembro de la comunidad. Nuestra junta directiva toma decisiones en nombre de nuestros miembros. Si quieres unirte a nuestra coalici\u00f3n, <a href=\"https:\/\/housinglake.org\/es\/contact\/\">p\u00f3ngase en contacto con nosotros<\/a>.<\/p>\n\n\t\t<\/div>\n\t<\/div>\n<h3 class=''>La Junta Directiva<\/h3><div class=\"vc_row wpb_row vc_inner vc_row-fluid\"><div class=\"wpb_column vc_column_container vc_col-sm-4\"><div class=\"vc_column-inner\"><div class=\"wpb_wrapper\">\n\t<div class=\"wpb_text_column wpb_content_element\" >\n\t\t<div class=\"wpb_wrapper\">\n\t\t\t<p><strong>Presidente: <\/strong>Amy Tait<br \/>\n<strong>Vicepresidente: <\/strong>Dan Northcraft<\/p>\n\n\t\t<\/div>\n\t<\/div>\n<\/div><\/div><\/div><div class=\"wpb_column vc_column_container vc_col-sm-4\"><div class=\"vc_column-inner\"><div class=\"wpb_wrapper\">\n\t<div class=\"wpb_text_column wpb_content_element\" >\n\t\t<div class=\"wpb_wrapper\">\n\t\t\t<p><strong>Secretario:<\/strong> Paul Anderson<br \/>\n<strong>Tesorero:<\/strong> Tracie Fletcher<\/p>\n\n\t\t<\/div>\n\t<\/div>\n<\/div><\/div><\/div><div class=\"wpb_column vc_column_container vc_col-sm-4\"><div class=\"vc_column-inner\"><div class=\"wpb_wrapper\">\n\t<div class=\"wpb_text_column wpb_content_element\" >\n\t\t<div class=\"wpb_wrapper\">\n\t\t\t<p><strong>Miembro en general:<\/strong> Leer McCulloch<br \/>\n<strong>Miembro en general:<\/strong> Steve Boyle<br \/>\n<strong>Miembro en general:<\/strong> Christian Luna-Leal<\/p>\n\n\t\t<\/div>\n\t<\/div>\n<\/div><\/div><\/div><\/div><\/div><\/div><\/div><\/div><div class=\"vc_row wpb_row vc_row-fluid\"><div class=\"wpb_column vc_column_container vc_col-sm-12\"><div class=\"vc_column-inner\"><div class=\"wpb_wrapper\"><div class=\"vc_separator wpb_content_element vc_separator_align_center vc_sep_width_60 vc_sep_border_width_5 vc_sep_pos_align_center vc_separator_no_text\" ><span class=\"vc_sep_holder vc_sep_holder_l\"><span  style=\"border-color:#f7c657;\" class=\"vc_sep_line\"><\/span><\/span><span class=\"vc_sep_holder vc_sep_holder_r\"><span  style=\"border-color:#f7c657;\" class=\"vc_sep_line\"><\/span><\/span>\n<\/div><\/div><\/div><\/div><\/div><div class=\"vc_row wpb_row vc_row-fluid\"><div class=\"wpb_column vc_column_container vc_col-sm-6\"><div class=\"vc_column-inner\"><div class=\"wpb_wrapper\"><h3 class=''>El equipo asesor de politicas<\/h3>\n\t<div class=\"wpb_text_column wpb_content_element\" >\n\t\t<div class=\"wpb_wrapper\">\n\t\t\t<p>El Equipo Asesor de Pol\u00edticas (PAT) es un subcomit\u00e9 de Housing Coalition. Brindan recomendaciones al c\u00f3digo de desarrollo de  tierras y al c\u00f3digo municipal que apoyan la expansi\u00f3n y preservaci\u00f3n de  viviendas comunitaria en la ciudad de Leadville y el condado de Lake. <\/p>\n\n\t\t<\/div>\n\t<\/div>\n<\/div><\/div><\/div><div class=\"wpb_column vc_column_container vc_col-sm-6\"><div class=\"vc_column-inner\"><div class=\"wpb_wrapper\">\n\t<div  class=\"wpb_single_image wpb_content_element vc_align_center\">\n\t\t\n\t\t<figure class=\"wpb_wrapper vc_figure\">\n\t\t\t<div class=\"vc_single_image-wrapper   vc_box_border_grey\"><img loading=\"lazy\" decoding=\"async\" width=\"1280\" height=\"681\" src=\"https:\/\/housinglake.org\/wp-content\/uploads\/2022\/05\/PAT-Meeting-e1654535377323.jpg\" class=\"vc_single_image-img attachment-full\" alt=\"\" title=\"Reuni\u00f3n del PAT\" srcset=\"https:\/\/housinglake.org\/wp-content\/uploads\/2022\/05\/PAT-Meeting-e1654535377323.jpg 1280w, https:\/\/housinglake.org\/wp-content\/uploads\/2022\/05\/PAT-Meeting-e1654535377323-300x160.jpg 300w, https:\/\/housinglake.org\/wp-content\/uploads\/2022\/05\/PAT-Meeting-e1654535377323-1024x545.jpg 1024w, https:\/\/housinglake.org\/wp-content\/uploads\/2022\/05\/PAT-Meeting-e1654535377323-768x409.jpg 768w, https:\/\/housinglake.org\/wp-content\/uploads\/2022\/05\/PAT-Meeting-e1654535377323-18x10.jpg 18w\" sizes=\"auto, (max-width: 1280px) 100vw, 1280px\" \/><\/div>\n\t\t<\/figure>\n\t<\/div>\n<\/div><\/div><\/div><\/div><div class=\"vc_row wpb_row vc_row-fluid\"><div class=\"wpb_column vc_column_container vc_col-sm-12\"><div class=\"vc_column-inner\"><div class=\"wpb_wrapper\"><div class=\"vc_separator wpb_content_element vc_separator_align_center vc_sep_width_60 vc_sep_border_width_5 vc_sep_pos_align_center vc_separator_no_text\" ><span class=\"vc_sep_holder vc_sep_holder_l\"><span  style=\"border-color:#f7c657;\" class=\"vc_sep_line\"><\/span><\/span><span class=\"vc_sep_holder vc_sep_holder_r\"><span  style=\"border-color:#f7c657;\" class=\"vc_sep_line\"><\/span><\/span>\n<\/div><\/div><\/div><\/div><\/div><div class=\"vc_row wpb_row vc_row-fluid\"><div class=\"wpb_column vc_column_container vc_col-sm-6\"><div class=\"vc_column-inner\"><div class=\"wpb_wrapper\">\n\t<div  class=\"wpb_single_image wpb_content_element vc_align_left\">\n\t\t\n\t\t<figure class=\"wpb_wrapper vc_figure\">\n\t\t\t<div class=\"vc_single_image-wrapper   vc_box_border_grey\"><img loading=\"lazy\" decoding=\"async\" width=\"1280\" height=\"853\" src=\"https:\/\/housinglake.org\/wp-content\/uploads\/2022\/05\/Jackie-Housing-Director.jpg\" class=\"vc_single_image-img attachment-full\" alt=\"\" title=\"Jackie- Directora de Vivienda\" srcset=\"https:\/\/housinglake.org\/wp-content\/uploads\/2022\/05\/Jackie-Housing-Director.jpg 1280w, https:\/\/housinglake.org\/wp-content\/uploads\/2022\/05\/Jackie-Housing-Director-300x200.jpg 300w, https:\/\/housinglake.org\/wp-content\/uploads\/2022\/05\/Jackie-Housing-Director-1024x682.jpg 1024w, https:\/\/housinglake.org\/wp-content\/uploads\/2022\/05\/Jackie-Housing-Director-768x512.jpg 768w, https:\/\/housinglake.org\/wp-content\/uploads\/2022\/05\/Jackie-Housing-Director-18x12.jpg 18w\" sizes=\"auto, (max-width: 1280px) 100vw, 1280px\" \/><\/div>\n\t\t<\/figure>\n\t<\/div>\n<\/div><\/div><\/div><div class=\"wpb_column vc_column_container vc_col-sm-6\"><div class=\"vc_column-inner\"><div class=\"wpb_wrapper\"><h3 class=''>Director de Vivienda<\/h3>\n\t<div class=\"wpb_text_column wpb_content_element\" >\n\t\t<div class=\"wpb_wrapper\">\n\t\t\t<p>Jackie Whelihan fue contratada como Directora de Vivienda en 2022. Esta posici\u00f3n es una asociaci\u00f3n entre la Ciudad, el Condado, y el Fondo de Vivienda (creado cuando se aprueba la 2A). Eventualmente Jackie har\u00e1 la transici\u00f3n de su papel para convertirse en el director ejecutivo de la Autoridad de Vivienda. Jackie est\u00e1 trabajando en la construcci\u00f3n de un programa para la restricci\u00f3n de la escritura (enlace al Glosario de T\u00e9rminos de Vivienda-Restricci\u00f3n de  Escritura) y convertir la Autoridad de Vivienda de Leadville en una Autoridad de Vivienda Multijurisdiccional (Enlace al Glosario de t\u00e9rminos de Vivienda-Autoridad de Vivienda Multijurisdiccional). <\/p>\n\n\t\t<\/div>\n\t<\/div>\n<\/div><\/div><\/div><\/div><div class=\"vc_row wpb_row vc_row-fluid\"><div class=\"wpb_column vc_column_container vc_col-sm-12\"><div class=\"vc_column-inner\"><div class=\"wpb_wrapper\"><div class=\"vc_separator wpb_content_element vc_separator_align_center vc_sep_width_60 vc_sep_border_width_5 vc_sep_pos_align_center vc_separator_no_text\" ><span class=\"vc_sep_holder vc_sep_holder_l\"><span  style=\"border-color:#f7c657;\" class=\"vc_sep_line\"><\/span><\/span><span class=\"vc_sep_holder vc_sep_holder_r\"><span  style=\"border-color:#f7c657;\" class=\"vc_sep_line\"><\/span><\/span>\n<\/div><\/div><\/div><\/div><\/div><div class=\"vc_row wpb_row vc_row-fluid\"><div class=\"wpb_column vc_column_container vc_col-sm-6\"><div class=\"vc_column-inner\"><div class=\"wpb_wrapper\"><h3 class=''>Autoridad de la Vivienda<\/h3>\n\t<div class=\"wpb_text_column wpb_content_element\" >\n\t\t<div class=\"wpb_wrapper\">\n\t\t\t<p>La Autoridad de Vivienda de Leadville ha servido a nuestra comunidad desde 1981. Son propetarios y operan Mount Massive Manor, un complejo de apartamentos asequibles para la comunidad de personas mayores y discapacitados. Recientemente decidieron ampliar su alcance para ayudar con viviendas asequibles.<\/p>\n\n\t\t<\/div>\n\t<\/div>\n<\/div><\/div><\/div><div class=\"wpb_column vc_column_container vc_col-sm-6\"><div class=\"vc_column-inner\"><div class=\"wpb_wrapper\">\n\t<div  class=\"wpb_single_image wpb_content_element vc_align_left\">\n\t\t\n\t\t<figure class=\"wpb_wrapper vc_figure\">\n\t\t\t<div class=\"vc_single_image-wrapper   vc_box_border_grey\"><img loading=\"lazy\" decoding=\"async\" width=\"1280\" height=\"611\" src=\"https:\/\/housinglake.org\/wp-content\/uploads\/2022\/05\/Housing-Authority-Board-e1654534671258.jpg\" class=\"vc_single_image-img attachment-full\" alt=\"\" title=\"Junta de la Autoridad de la Vivienda\" srcset=\"https:\/\/housinglake.org\/wp-content\/uploads\/2022\/05\/Housing-Authority-Board-e1654534671258.jpg 1280w, https:\/\/housinglake.org\/wp-content\/uploads\/2022\/05\/Housing-Authority-Board-e1654534671258-300x143.jpg 300w, https:\/\/housinglake.org\/wp-content\/uploads\/2022\/05\/Housing-Authority-Board-e1654534671258-1024x489.jpg 1024w, https:\/\/housinglake.org\/wp-content\/uploads\/2022\/05\/Housing-Authority-Board-e1654534671258-768x367.jpg 768w, https:\/\/housinglake.org\/wp-content\/uploads\/2022\/05\/Housing-Authority-Board-e1654534671258-18x9.jpg 18w\" sizes=\"auto, (max-width: 1280px) 100vw, 1280px\" \/><\/div>\n\t\t<\/figure>\n\t<\/div>\n<\/div><\/div><\/div><\/div>","protected":false},"excerpt":{"rendered":"Nuestra genteNuestro equipo trabajador est\u00e1 compuesto por empleados y voluntarios. Acerca de la Coalici\u00f3n de Vivienda Desde 2016, la Coalici\u00f3n de Vivienda del Condado de Lake ha estado trabajando en apoyar los esfuerzos de vivienda en nuestra comunidad. La Coalici\u00f3n de Vivienda es un grupo de voluntarios de...","protected":false},"author":1,"featured_media":0,"parent":34,"menu_order":0,"comment_status":"closed","ping_status":"closed","template":"","meta":{"footnotes":""},"class_list":["post-38","page","type-page","status-publish","hentry"],"aioseo_notices":[],"_links":{"self":[{"href":"https:\/\/housinglake.org\/es\/wp-json\/wp\/v2\/pages\/38","targetHints":{"allow":["GET"]}}],"collection":[{"href":"https:\/\/housinglake.org\/es\/wp-json\/wp\/v2\/pages"}],"about":[{"href":"https:\/\/housinglake.org\/es\/wp-json\/wp\/v2\/types\/page"}],"author":[{"embeddable":true,"href":"https:\/\/housinglake.org\/es\/wp-json\/wp\/v2\/users\/1"}],"replies":[{"embeddable":true,"href":"https:\/\/housinglake.org\/es\/wp-json\/wp\/v2\/comments?post=38"}],"version-history":[{"count":11,"href":"https:\/\/housinglake.org\/es\/wp-json\/wp\/v2\/pages\/38\/revisions"}],"predecessor-version":[{"id":391,"href":"https:\/\/housinglake.org\/es\/wp-json\/wp\/v2\/pages\/38\/revisions\/391"}],"up":[{"embeddable":true,"href":"https:\/\/housinglake.org\/es\/wp-json\/wp\/v2\/pages\/34"}],"wp:attachment":[{"href":"https:\/\/housinglake.org\/es\/wp-json\/wp\/v2\/media?parent=38"}],"curies":[{"name":"wp","href":"https:\/\/api.w.org\/{rel}","templated":true}]}}