{"id":36,"date":"2022-05-14T20:58:04","date_gmt":"2022-05-15T02:58:04","guid":{"rendered":"https:\/\/housinglake.org\/?page_id=36"},"modified":"2022-06-07T14:38:06","modified_gmt":"2022-06-07T20:38:06","slug":"mission-vision","status":"publish","type":"page","link":"https:\/\/housinglake.org\/es\/about\/mission-vision\/","title":{"rendered":"Misi\u00f3n\/Visi\u00f3n"},"content":{"rendered":"<div class=\"vc_row wpb_row vc_row-fluid\"><div class=\"wpb_column vc_column_container vc_col-sm-12\"><div class=\"vc_column-inner\"><div class=\"wpb_wrapper\"><h1 class='center  hasSubText below'>Nuestra misi\u00f3n y visi\u00f3n<span class='sub'>Promulgar estrategias para eliminar las barreras a la vivienda saludable y de calidad para todos los residentes del Condado de Lake.<\/span><\/h1>\n\t<div  class=\"wpb_single_image wpb_content_element vc_align_left\">\n\t\t\n\t\t<figure class=\"wpb_wrapper vc_figure\">\n\t\t\t<div class=\"vc_single_image-wrapper   vc_box_border_grey\"><img loading=\"lazy\" decoding=\"async\" width=\"1100\" height=\"461\" src=\"https:\/\/housinglake.org\/wp-content\/uploads\/2022\/06\/mission-vision2.jpg\" class=\"vc_single_image-img attachment-full\" alt=\"\" title=\"misi\u00f3n-visi\u00f3n2\" srcset=\"https:\/\/housinglake.org\/wp-content\/uploads\/2022\/06\/mission-vision2.jpg 1100w, https:\/\/housinglake.org\/wp-content\/uploads\/2022\/06\/mission-vision2-300x126.jpg 300w, https:\/\/housinglake.org\/wp-content\/uploads\/2022\/06\/mission-vision2-1024x429.jpg 1024w, https:\/\/housinglake.org\/wp-content\/uploads\/2022\/06\/mission-vision2-768x322.jpg 768w, https:\/\/housinglake.org\/wp-content\/uploads\/2022\/06\/mission-vision2-18x8.jpg 18w\" sizes=\"auto, (max-width: 1100px) 100vw, 1100px\" \/><\/div>\n\t\t<\/figure>\n\t<\/div>\n\n\t<div class=\"wpb_text_column wpb_content_element\" >\n\t\t<div class=\"wpb_wrapper\">\n\t\t\t<p>La visi\u00f3n de la Coalici\u00f3n es apoyar a una comunidad diversa del Condado de Lake en la que todos los miembros de la comunidad puedan acceder a una vivienda de calidad y saludable.<\/p>\n<p>Leadville Housing Authorities Mission es defender, planificar y aumentar la oferta a largo plazo de viviendas asequibles de alta calidad para todas las edades. Reconocemos que el desarrollo de viviendas asequibles es una buena pol\u00edtica econ\u00f3mica que promueve la resistencia y el car\u00e1cter de la comunidad para todos los residentes y empresas.<\/p>\n<p>Housing Coalition apoya a Housing Authority y ambas organizaciones trabajan con la Directora de la Vivienda, Jackie Whelihan, para apoyar los esfuerzos en materia de vivienda en Leadville y el Condado de Lake.<\/p>\n\n\t\t<\/div>\n\t<\/div>\n<\/div><\/div><\/div><\/div>","protected":false},"excerpt":{"rendered":"Nuestra misi\u00f3n y visi\u00f3nActuar con estrategias para eliminar las barreras a la vivienda de calidad y saludable para todos los residentes del Condado de Lake. La visi\u00f3n de la Coalici\u00f3n es apoyar una comunidad diversa del Condado de Lake donde todos los miembros de la comunidad puedan acceder a una vivienda de calidad y saludable....","protected":false},"author":1,"featured_media":0,"parent":34,"menu_order":0,"comment_status":"closed","ping_status":"closed","template":"","meta":{"footnotes":""},"class_list":["post-36","page","type-page","status-publish","hentry"],"aioseo_notices":[],"_links":{"self":[{"href":"https:\/\/housinglake.org\/es\/wp-json\/wp\/v2\/pages\/36","targetHints":{"allow":["GET"]}}],"collection":[{"href":"https:\/\/housinglake.org\/es\/wp-json\/wp\/v2\/pages"}],"about":[{"href":"https:\/\/housinglake.org\/es\/wp-json\/wp\/v2\/types\/page"}],"author":[{"embeddable":true,"href":"https:\/\/housinglake.org\/es\/wp-json\/wp\/v2\/users\/1"}],"replies":[{"embeddable":true,"href":"https:\/\/housinglake.org\/es\/wp-json\/wp\/v2\/comments?post=36"}],"version-history":[{"count":9,"href":"https:\/\/housinglake.org\/es\/wp-json\/wp\/v2\/pages\/36\/revisions"}],"predecessor-version":[{"id":270,"href":"https:\/\/housinglake.org\/es\/wp-json\/wp\/v2\/pages\/36\/revisions\/270"}],"up":[{"embeddable":true,"href":"https:\/\/housinglake.org\/es\/wp-json\/wp\/v2\/pages\/34"}],"wp:attachment":[{"href":"https:\/\/housinglake.org\/es\/wp-json\/wp\/v2\/media?parent=36"}],"curies":[{"name":"wp","href":"https:\/\/api.w.org\/{rel}","templated":true}]}}