{"id":34,"date":"2022-05-14T20:57:50","date_gmt":"2022-05-15T02:57:50","guid":{"rendered":"https:\/\/housinglake.org\/?page_id=34"},"modified":"2022-06-16T12:29:06","modified_gmt":"2022-06-16T18:29:06","slug":"about","status":"publish","type":"page","link":"https:\/\/housinglake.org\/es\/about\/","title":{"rendered":"Acerca de"},"content":{"rendered":"<div class=\"vc_row wpb_row vc_row-fluid\"><div class=\"wpb_column vc_column_container vc_col-sm-12\"><div class=\"vc_column-inner\"><div class=\"wpb_wrapper\"><h1 class=''>Acerca de<\/h1>\n\t<div class=\"wpb_text_column wpb_content_element\" >\n\t\t<div class=\"wpb_wrapper\">\n\t\t\t<p>Desde 2016, Lake County Housing Coalition  ha estado trabajando para apoyar los esfuerzos de vivienda en nuestra comunidad. Housing Coalition est\u00e1 dirigida por voluntarios y aboga por  oportunidades de vivienda comunitaria para el Condado de Lake. El trabajo de Housing Coalition es financiado por la Community Organizing para la subvencion de prevencion<\/p>\n<p>La Autoridad de Vivienda de Leadville, tambi\u00e9n conocida como Elevated Housing Solutions, est\u00e1 en proceso de convertirse en una Autoridad Regional de Vivienda. Este sitio web se convertir\u00e1 eventualmente en su sitio web, donde usted ser\u00e1 capaz de solicitar una vivienda asequible.<\/p>\n<p>En este momento es importante para nosotros que informar a la gente sobre las pr\u00f3ximas oportunidades de vivienda. Muchas personas pueden necesitar comenzar a trabajar en la construcci\u00f3n o reparaci\u00f3n de cr\u00e9dito para prepararse para Community Housing que se construir\u00e1 en el<\/p>\n\n\t\t<\/div>\n\t<\/div>\n<\/div><\/div><\/div><\/div>","protected":false},"excerpt":{"rendered":"Acerca de Desde 2016 la Coalici\u00f3n de Vivienda del Condado de Lake ha estado trabajando en el apoyo a los esfuerzos de vivienda en nuestra comunidad. La Coalici\u00f3n de Vivienda est\u00e1 dirigida por voluntarios y defiende las oportunidades de vivienda de la comunidad para el Condado de Lake. El trabajo de la Coalici\u00f3n de Vivienda est\u00e1 financiado por...","protected":false},"author":1,"featured_media":0,"parent":0,"menu_order":0,"comment_status":"closed","ping_status":"closed","template":"","meta":{"footnotes":""},"class_list":["post-34","page","type-page","status-publish","hentry"],"aioseo_notices":[],"_links":{"self":[{"href":"https:\/\/housinglake.org\/es\/wp-json\/wp\/v2\/pages\/34","targetHints":{"allow":["GET"]}}],"collection":[{"href":"https:\/\/housinglake.org\/es\/wp-json\/wp\/v2\/pages"}],"about":[{"href":"https:\/\/housinglake.org\/es\/wp-json\/wp\/v2\/types\/page"}],"author":[{"embeddable":true,"href":"https:\/\/housinglake.org\/es\/wp-json\/wp\/v2\/users\/1"}],"replies":[{"embeddable":true,"href":"https:\/\/housinglake.org\/es\/wp-json\/wp\/v2\/comments?post=34"}],"version-history":[{"count":3,"href":"https:\/\/housinglake.org\/es\/wp-json\/wp\/v2\/pages\/34\/revisions"}],"predecessor-version":[{"id":268,"href":"https:\/\/housinglake.org\/es\/wp-json\/wp\/v2\/pages\/34\/revisions\/268"}],"wp:attachment":[{"href":"https:\/\/housinglake.org\/es\/wp-json\/wp\/v2\/media?parent=34"}],"curies":[{"name":"wp","href":"https:\/\/api.w.org\/{rel}","templated":true}]}}