{"id":254,"date":"2022-05-31T09:58:21","date_gmt":"2022-05-31T15:58:21","guid":{"rendered":"https:\/\/housinglake.org\/?page_id=254"},"modified":"2022-06-24T11:36:02","modified_gmt":"2022-06-24T17:36:02","slug":"glossary-of-housing-terms","status":"publish","type":"page","link":"https:\/\/housinglake.org\/es\/glossary-of-housing-terms\/","title":{"rendered":"Glosario de t\u00e9rminos de vivienda"},"content":{"rendered":"<div class=\"vc_row wpb_row vc_row-fluid\"><div class=\"wpb_column vc_column_container vc_col-sm-12\"><div class=\"vc_column-inner\"><div class=\"wpb_wrapper\"><h1 class='center  hasSubText below'>Glosario<span class='sub'>de condiciones de vivienda<\/span><\/h1><\/div><\/div><\/div><\/div><div class=\"vc_row wpb_row vc_row-fluid\"><div class=\"wpb_column vc_column_container vc_col-sm-12\"><div class=\"vc_column-inner\"><div class=\"wpb_wrapper\"><div class=\"vc_tta-container\" data-vc-action=\"collapseAll\"><div class=\"vc_general vc_tta vc_tta-accordion vc_tta-color-grey vc_tta-style-classic vc_tta-shape-rounded vc_tta-o-shape-group vc_tta-controls-align-left vc_tta-o-all-clickable\"><div class=\"vc_tta-panels-container\"><div class=\"vc_tta-panels\"><div class=\"vc_tta-panel\" id=\"1654012815425-2658cfec-c8bc\" data-vc-content=\".vc_tta-panel-body\"><div class=\"vc_tta-panel-heading\"><h4 class=\"vc_tta-panel-title vc_tta-controls-icon-position-left\"><a href=\"#1654012815425-2658cfec-c8bc\" data-vc-accordion data-vc-container=\".vc_tta-container\"><span class=\"vc_tta-title-text\">Impuesto de alojamiento (medida electoral 2A)<\/span><i class=\"vc_tta-controls-icon vc_tta-controls-icon-chevron\"><\/i><\/a><\/h4><\/div><div class=\"vc_tta-panel-body\">\n\t<div class=\"wpb_text_column wpb_content_element\" >\n\t\t<div class=\"wpb_wrapper\">\n\t\t\t<p>En 2021, los votantes de Leadville aprobaron un impuesto de 3% para construir un fondo de Vivienda, el primer fondo creado para construir viviendas y brindar programas educativos de vivienda. El impuesto lo pagan los hu\u00e9spedes de las empresas de hospedaje para estadias cortas (menos de 30 d\u00edas).<\/p>\n\n\t\t<\/div>\n\t<\/div>\n<\/div><\/div><div class=\"vc_tta-panel\" id=\"1654012815437-f1c55abb-aa6f\" data-vc-content=\".vc_tta-panel-body\"><div class=\"vc_tta-panel-heading\"><h4 class=\"vc_tta-panel-title vc_tta-controls-icon-position-left\"><a href=\"#1654012815437-f1c55abb-aa6f\" data-vc-accordion data-vc-container=\".vc_tta-container\"><span class=\"vc_tta-title-text\">Vivienda asequible<\/span><i class=\"vc_tta-controls-icon vc_tta-controls-icon-chevron\"><\/i><\/a><\/h4><\/div><div class=\"vc_tta-panel-body\">\n\t<div class=\"wpb_text_column wpb_content_element\" >\n\t\t<div class=\"wpb_wrapper\">\n\t\t\t<p>La vivienda es \"asequible\" si la cantidad de dinero que gastada por un hogar en alquiler (incluidos los servicios p\u00fablicos) o pagos de hipoteca (principal, intereses, impuestos, seguros y cualquier cuota HOA) no supera el 30% del total bruto del hogar.<\/p>\n\n\t\t<\/div>\n\t<\/div>\n<\/div><\/div><div class=\"vc_tta-panel\" id=\"1654012856761-9db4ecb8-055a\" data-vc-content=\".vc_tta-panel-body\"><div class=\"vc_tta-panel-heading\"><h4 class=\"vc_tta-panel-title vc_tta-controls-icon-position-left\"><a href=\"#1654012856761-9db4ecb8-055a\" data-vc-accordion data-vc-container=\".vc_tta-container\"><span class=\"vc_tta-title-text\">Viviendas asequibles<\/span><i class=\"vc_tta-controls-icon vc_tta-controls-icon-chevron\"><\/i><\/a><\/h4><\/div><div class=\"vc_tta-panel-body\">\n\t<div class=\"wpb_text_column wpb_content_element\" >\n\t\t<div class=\"wpb_wrapper\">\n\t\t\t<p>Unidades de vivienda disponibles para los residentes para su compra sin carga indebida.<\/p>\n\n\t\t<\/div>\n\t<\/div>\n<\/div><\/div><div class=\"vc_tta-panel\" id=\"1654012857605-6e2d7bd9-596b\" data-vc-content=\".vc_tta-panel-body\"><div class=\"vc_tta-panel-heading\"><h4 class=\"vc_tta-panel-title vc_tta-controls-icon-position-left\"><a href=\"#1654012857605-6e2d7bd9-596b\" data-vc-accordion data-vc-container=\".vc_tta-container\"><span class=\"vc_tta-title-text\">ingreso medio del area (AMI)<\/span><i class=\"vc_tta-controls-icon vc_tta-controls-icon-chevron\"><\/i><\/a><\/h4><\/div><div class=\"vc_tta-panel-body\">\n\t<div class=\"wpb_text_column wpb_content_element\" >\n\t\t<div class=\"wpb_wrapper\">\n\t\t\t<p>El n\u00famero medio de un espectro de ingresos. Por definici\u00f3n, la mitad de los ingresos de una area est\u00e1n por debajo del AMI y la otra mitad por encima. El tama\u00f1o predeterminado del hogar, a menos que se indique lo contrario, es de 4 personas.<\/p>\n<p><img loading=\"lazy\" decoding=\"async\" class=\"wp-image-259 aligncenter\" src=\"https:\/\/housinglake.org\/wp-content\/uploads\/2022\/05\/Screen-Shot-2022-05-31-at-12.02.17-PM-300x102.png\" alt=\"\" width=\"453\" height=\"154\" srcset=\"https:\/\/housinglake.org\/wp-content\/uploads\/2022\/05\/Screen-Shot-2022-05-31-at-12.02.17-PM-300x102.png 300w, https:\/\/housinglake.org\/wp-content\/uploads\/2022\/05\/Screen-Shot-2022-05-31-at-12.02.17-PM-18x6.png 18w, https:\/\/housinglake.org\/wp-content\/uploads\/2022\/05\/Screen-Shot-2022-05-31-at-12.02.17-PM.png 577w\" sizes=\"auto, (max-width: 453px) 100vw, 453px\" \/><\/p>\n\n\t\t<\/div>\n\t<\/div>\n<\/div><\/div><div class=\"vc_tta-panel\" id=\"1654012858538-2c837733-5e25\" data-vc-content=\".vc_tta-panel-body\"><div class=\"vc_tta-panel-heading\"><h4 class=\"vc_tta-panel-title vc_tta-controls-icon-position-left\"><a href=\"#1654012858538-2c837733-5e25\" data-vc-accordion data-vc-container=\".vc_tta-container\"><span class=\"vc_tta-title-text\">Viviendas comunitarias<\/span><i class=\"vc_tta-controls-icon vc_tta-controls-icon-chevron\"><\/i><\/a><\/h4><\/div><div class=\"vc_tta-panel-body\">\n\t<div class=\"wpb_text_column wpb_content_element\" >\n\t\t<div class=\"wpb_wrapper\">\n\t\t\t<p>El t\u00e9rmino que usa Lake County Housing Coalition para describir  viviendas asequibles, asequibles y para la fuerza laboral cuando aboga por la vivienda<\/p>\n\n\t\t<\/div>\n\t<\/div>\n<\/div><\/div><div class=\"vc_tta-panel\" id=\"1654012859440-ed093363-4b47\" data-vc-content=\".vc_tta-panel-body\"><div class=\"vc_tta-panel-heading\"><h4 class=\"vc_tta-panel-title vc_tta-controls-icon-position-left\"><a href=\"#1654012859440-ed093363-4b47\" data-vc-accordion data-vc-container=\".vc_tta-container\"><span class=\"vc_tta-title-text\">Fideicomiso de tierras comunitarias (CLT)<\/span><i class=\"vc_tta-controls-icon vc_tta-controls-icon-chevron\"><\/i><\/a><\/h4><\/div><div class=\"vc_tta-panel-body\">\n\t<div class=\"wpb_text_column wpb_content_element\" >\n\t\t<div class=\"wpb_wrapper\">\n\t\t\t<p>Organizaciones que trabaja para desarrollar y\/o adquirir viviendas asequibles y preservar su asequibilidad a traves de un arrendamiento de tierras a largo plazo. Una persona que vive en una casa ctl es propietario de la casa y de cualquier mejora al edificio, pero  CLT es propietaria del terreno debajo de ella, que alquila a los propietarios a una tasa baja. Esto permite que las viviendas sean menos costosas -ya que el valor del terreno no est\u00e1 incluido en el precio de compra- y permite que CLT mantenga un inter\u00e9s de propiedad en la propiedad para garantizar que siga siendo asequible para el proximo comprador. Los CLT generalmente son administrados por una junta directiva en la que al menos un 1\/3 de los miembros son residentes locales. CLTs a veces se usan para crear y preservar  desarrollos comerciales y minoristas que sirven a la comunidad, asi como.<\/p>\n\n\t\t<\/div>\n\t<\/div>\n<\/div><\/div><div class=\"vc_tta-panel\" id=\"1654013420225-70f84c9d-d86f\" data-vc-content=\".vc_tta-panel-body\"><div class=\"vc_tta-panel-heading\"><h4 class=\"vc_tta-panel-title vc_tta-controls-icon-position-left\"><a href=\"#1654013420225-70f84c9d-d86f\" data-vc-accordion data-vc-container=\".vc_tta-container\"><span class=\"vc_tta-title-text\">Principios de la Comunidad<\/span><i class=\"vc_tta-controls-icon vc_tta-controls-icon-chevron\"><\/i><\/a><\/h4><\/div><div class=\"vc_tta-panel-body\">\n\t<div class=\"wpb_text_column wpb_content_element\" >\n\t\t<div class=\"wpb_wrapper\">\n\t\t\t<p>Un documento que rige el desarrollo, la admisi\u00f3n y la ocupaci\u00f3n de unidades de vivienda comunitaria con escritura restringida para  residentes en todo el condado de Leadville\/Condado de Lake. Este documento est\u00e1 siendo revisado y aprobado actualmente por el Consejo de la Ciudad de Leadville, y la Junta de Comisionados del Condado de Lake.<\/p>\n\n\t\t<\/div>\n\t<\/div>\n<\/div><\/div><div class=\"vc_tta-panel\" id=\"1654013420988-eca2216a-3691\" data-vc-content=\".vc_tta-panel-body\"><div class=\"vc_tta-panel-heading\"><h4 class=\"vc_tta-panel-title vc_tta-controls-icon-position-left\"><a href=\"#1654013420988-eca2216a-3691\" data-vc-accordion data-vc-container=\".vc_tta-container\"><span class=\"vc_tta-title-text\">Cargado de Costos<\/span><i class=\"vc_tta-controls-icon vc_tta-controls-icon-chevron\"><\/i><\/a><\/h4><\/div><div class=\"vc_tta-panel-body\">\n\t<div class=\"wpb_text_column wpb_content_element\" >\n\t\t<div class=\"wpb_wrapper\">\n\t\t\t<p>Un hogar tiene una carga de costos si gasta m\u00e1s de 30% de sus ingresos bruto combinado en pagos de alquiler o hipoteca. Los servicios p\u00fablicos, impuestos, seguros, cuotas de mantenimiento, etc, estan incluidos en el costo del alquiler\/hipoteca.<\/p>\n\n\t\t<\/div>\n\t<\/div>\n<\/div><\/div><div class=\"vc_tta-panel\" id=\"1654013421646-64df9564-aedf\" data-vc-content=\".vc_tta-panel-body\"><div class=\"vc_tta-panel-heading\"><h4 class=\"vc_tta-panel-title vc_tta-controls-icon-position-left\"><a href=\"#1654013421646-64df9564-aedf\" data-vc-accordion data-vc-container=\".vc_tta-container\"><span class=\"vc_tta-title-text\">Restricci\u00f3n de escritura<\/span><i class=\"vc_tta-controls-icon vc_tta-controls-icon-chevron\"><\/i><\/a><\/h4><\/div><div class=\"vc_tta-panel-body\">\n\t<div class=\"wpb_text_column wpb_content_element\" >\n\t\t<div class=\"wpb_wrapper\">\n\t\t\t<p>Documento legal que se usa para restringir el uso de los bienes raices, generalmente definiendo qui\u00e9n puede ser propietario de esa casa (por ejemplo, empleados del condado, personas calificadas por ingresos). Estas especificaciones se enumeran en la escritura. Se refiere a las pautas de la comunidad para obtener detalles y orientaci\u00f3n sobre el proceso.<\/p>\n\n\t\t<\/div>\n\t<\/div>\n<\/div><\/div><div class=\"vc_tta-panel\" id=\"1654013422314-7cd2af20-2622\" data-vc-content=\".vc_tta-panel-body\"><div class=\"vc_tta-panel-heading\"><h4 class=\"vc_tta-panel-title vc_tta-controls-icon-position-left\"><a href=\"#1654013422314-7cd2af20-2622\" data-vc-accordion data-vc-container=\".vc_tta-container\"><span class=\"vc_tta-title-text\">Vivienda esencial<\/span><i class=\"vc_tta-controls-icon vc_tta-controls-icon-chevron\"><\/i><\/a><\/h4><\/div><div class=\"vc_tta-panel-body\">\n\t<div class=\"wpb_text_column wpb_content_element\" >\n\t\t<div class=\"wpb_wrapper\">\n\t\t\t<p>Viviendas restringidas por el c\u00f3digo de uso del suelo, las normas de zonificaci\u00f3n, la restricci\u00f3n de las escrituras o cualquier otro m\u00e9todo escrito destinado a una situaci\u00f3n laboral y\/o una poblaci\u00f3n de ingresos determinada.<\/p>\n\n\t\t<\/div>\n\t<\/div>\n<\/div><\/div><div class=\"vc_tta-panel\" id=\"1654013423019-365e5028-ffcc\" data-vc-content=\".vc_tta-panel-body\"><div class=\"vc_tta-panel-heading\"><h4 class=\"vc_tta-panel-title vc_tta-controls-icon-position-left\"><a href=\"#1654013423019-365e5028-ffcc\" data-vc-accordion data-vc-container=\".vc_tta-container\"><span class=\"vc_tta-title-text\">Servicios esenciales<\/span><i class=\"vc_tta-controls-icon vc_tta-controls-icon-chevron\"><\/i><\/a><\/h4><\/div><div class=\"vc_tta-panel-body\">\n\t<div class=\"wpb_text_column wpb_content_element\" >\n\t\t<div class=\"wpb_wrapper\">\n\t\t\t<p>Servicios que son necesarios para mantener la salud y el bienestar de la comunidad. Estos incluyen, pero no se limitan a: gobierno ejecutivo, atencion medica, protecci\u00f3n contra incendios y polic\u00eda, saneamiento b\u00e1sico, incluyendo agua limpia, alcantarillado y recoleccion de basura.<\/p>\n\n\t\t<\/div>\n\t<\/div>\n<\/div><\/div><div class=\"vc_tta-panel\" id=\"1654013691756-6d8932b9-9b2a\" data-vc-content=\".vc_tta-panel-body\"><div class=\"vc_tta-panel-heading\"><h4 class=\"vc_tta-panel-title vc_tta-controls-icon-position-left\"><a href=\"#1654013691756-6d8932b9-9b2a\" data-vc-accordion data-vc-container=\".vc_tta-container\"><span class=\"vc_tta-title-text\">Trabajadores de servicios esenciales<\/span><i class=\"vc_tta-controls-icon vc_tta-controls-icon-chevron\"><\/i><\/a><\/h4><\/div><div class=\"vc_tta-panel-body\">\n\t<div class=\"wpb_text_column wpb_content_element\" >\n\t\t<div class=\"wpb_wrapper\">\n\t\t\t<p>Personal necesario para mantener los servicios esenciales. Los funcionarios elegidos definir\u00e1n qu\u00e9 servicios consideran esenciales.<\/p>\n\n\t\t<\/div>\n\t<\/div>\n<\/div><\/div><div class=\"vc_tta-panel\" id=\"1654013692441-3619f755-a01d\" data-vc-content=\".vc_tta-panel-body\"><div class=\"vc_tta-panel-heading\"><h4 class=\"vc_tta-panel-title vc_tta-controls-icon-position-left\"><a href=\"#1654013692441-3619f755-a01d\" data-vc-accordion data-vc-container=\".vc_tta-container\"><span class=\"vc_tta-title-text\">Brecha de financiacion<\/span><i class=\"vc_tta-controls-icon vc_tta-controls-icon-chevron\"><\/i><\/a><\/h4><\/div><div class=\"vc_tta-panel-body\">\n\t<div class=\"wpb_text_column wpb_content_element\" >\n\t\t<div class=\"wpb_wrapper\">\n\t\t\t<p>La diferencia de precio entre el precio de mercado y la vivienda \"asequible\". A menudo, esta brecha se subsidia a los desarrolladores para que las unidades de vivienda esten disponibles para la comunidad por debajo del precio de mercado.<\/p>\n\n\t\t<\/div>\n\t<\/div>\n<\/div><\/div><div class=\"vc_tta-panel\" id=\"1654013693092-73d8a961-1f11\" data-vc-content=\".vc_tta-panel-body\"><div class=\"vc_tta-panel-heading\"><h4 class=\"vc_tta-panel-title vc_tta-controls-icon-position-left\"><a href=\"#1654013693092-73d8a961-1f11\" data-vc-accordion data-vc-container=\".vc_tta-container\"><span class=\"vc_tta-title-text\">Ingresos brutos<\/span><i class=\"vc_tta-controls-icon vc_tta-controls-icon-chevron\"><\/i><\/a><\/h4><\/div><div class=\"vc_tta-panel-body\">\n\t<div class=\"wpb_text_column wpb_content_element\" >\n\t\t<div class=\"wpb_wrapper\">\n\t\t\t<p>La suma de todos los sueldos, salarios, beneficios, pagos de intereses, alquileres y otras formas de ingresos, antes de cualquier deducci\u00f3n o impuesto.<\/p>\n\n\t\t<\/div>\n\t<\/div>\n<\/div><\/div><div class=\"vc_tta-panel\" id=\"1654013693863-cf21e656-bb79\" data-vc-content=\".vc_tta-panel-body\"><div class=\"vc_tta-panel-heading\"><h4 class=\"vc_tta-panel-title vc_tta-controls-icon-position-left\"><a href=\"#1654013693863-cf21e656-bb79\" data-vc-accordion data-vc-container=\".vc_tta-container\"><span class=\"vc_tta-title-text\">Disparida de salud<\/span><i class=\"vc_tta-controls-icon vc_tta-controls-icon-chevron\"><\/i><\/a><\/h4><\/div><div class=\"vc_tta-panel-body\">\n\t<div class=\"wpb_text_column wpb_content_element\" >\n\t\t<div class=\"wpb_wrapper\">\n\t\t\t<p>La diferencia en los resultados de salud entre grupos dentro de una poblaci\u00f3n.<\/p>\n\n\t\t<\/div>\n\t<\/div>\n<\/div><\/div><div class=\"vc_tta-panel\" id=\"1654013801165-87a55a03-eb10\" data-vc-content=\".vc_tta-panel-body\"><div class=\"vc_tta-panel-heading\"><h4 class=\"vc_tta-panel-title vc_tta-controls-icon-position-left\"><a href=\"#1654013801165-87a55a03-eb10\" data-vc-accordion data-vc-container=\".vc_tta-container\"><span class=\"vc_tta-title-text\">Equidad en salud<\/span><i class=\"vc_tta-controls-icon vc_tta-controls-icon-chevron\"><\/i><\/a><\/h4><\/div><div class=\"vc_tta-panel-body\">\n\t<div class=\"wpb_text_column wpb_content_element\" >\n\t\t<div class=\"wpb_wrapper\">\n\t\t\t<p>Garantizar que todos tengan la oportunidad de estar lo m\u00e1s saludable posible.<\/p>\n\n\t\t<\/div>\n\t<\/div>\n<\/div><\/div><div class=\"vc_tta-panel\" id=\"1654013801869-1645d02a-c7e6\" data-vc-content=\".vc_tta-panel-body\"><div class=\"vc_tta-panel-heading\"><h4 class=\"vc_tta-panel-title vc_tta-controls-icon-position-left\"><a href=\"#1654013801869-1645d02a-c7e6\" data-vc-accordion data-vc-container=\".vc_tta-container\"><span class=\"vc_tta-title-text\">Inestabilidad habitacional<\/span><i class=\"vc_tta-controls-icon vc_tta-controls-icon-chevron\"><\/i><\/a><\/h4><\/div><div class=\"vc_tta-panel-body\">\n\t<div class=\"wpb_text_column wpb_content_element\" >\n\t\t<div class=\"wpb_wrapper\">\n\t\t\t<p>A household is housing insatiable if they are severely cost-burdened (%50 or more), overcrowding ( less than 165 square feet per person), frequent moving, poor housing conditions, and or experiencing homelessness.<\/p>\n\n\t\t<\/div>\n\t<\/div>\n<\/div><\/div><div class=\"vc_tta-panel\" id=\"1654013802579-0a61d1aa-f253\" data-vc-content=\".vc_tta-panel-body\"><div class=\"vc_tta-panel-heading\"><h4 class=\"vc_tta-panel-title vc_tta-controls-icon-position-left\"><a href=\"#1654013802579-0a61d1aa-f253\" data-vc-accordion data-vc-container=\".vc_tta-container\"><span class=\"vc_tta-title-text\">familiar<\/span><i class=\"vc_tta-controls-icon vc_tta-controls-icon-chevron\"><\/i><\/a><\/h4><\/div><div class=\"vc_tta-panel-body\">\n\t<div class=\"wpb_text_column wpb_content_element\" >\n\t\t<div class=\"wpb_wrapper\">\n\t\t\t<p>Una o m\u00e1s personas que tienen la intenci\u00f3n de vivir juntas en una propiedad como un solo hogar<\/p>\n\n\t\t<\/div>\n\t<\/div>\n<\/div><\/div><div class=\"vc_tta-panel\" id=\"1654013803252-b3a9d360-7c0b\" data-vc-content=\".vc_tta-panel-body\"><div class=\"vc_tta-panel-heading\"><h4 class=\"vc_tta-panel-title vc_tta-controls-icon-position-left\"><a href=\"#1654013803252-b3a9d360-7c0b\" data-vc-accordion data-vc-container=\".vc_tta-container\"><span class=\"vc_tta-title-text\">Lake county Housing Coalition<\/span><i class=\"vc_tta-controls-icon vc_tta-controls-icon-chevron\"><\/i><\/a><\/h4><\/div><div class=\"vc_tta-panel-body\">\n\t<div class=\"wpb_text_column wpb_content_element\" >\n\t\t<div class=\"wpb_wrapper\">\n\t\t\t<p>Un grupo de voluntarios que trabajan para promover las opciones de vivienda comunitaria en nuestra comunidad. Su misi\u00f3n es promulgar estrategias para eliminar las barreras a la vivienda saludable y de calidad para todos los residentes del Condado de Lake. Su visi\u00f3n es apoyar a una comunidad diversa del Condado de Lake donde todos los miembros de la comunidad puedan acceder a  viviendas saludables y de calidad.<\/p>\n\n\t\t<\/div>\n\t<\/div>\n<\/div><\/div><div class=\"vc_tta-panel\" id=\"1654014063632-11efd17c-d8f4\" data-vc-content=\".vc_tta-panel-body\"><div class=\"vc_tta-panel-heading\"><h4 class=\"vc_tta-panel-title vc_tta-controls-icon-position-left\"><a href=\"#1654014063632-11efd17c-d8f4\" data-vc-accordion data-vc-container=\".vc_tta-container\"><span class=\"vc_tta-title-text\">Leadville Housing Authority<\/span><i class=\"vc_tta-controls-icon vc_tta-controls-icon-chevron\"><\/i><\/a><\/h4><\/div><div class=\"vc_tta-panel-body\">\n\t<div class=\"wpb_text_column wpb_content_element\" >\n\t\t<div class=\"wpb_wrapper\">\n\t\t\t<p>Una organizaci\u00f3n creada por la ciudad de Leadville para llebar a cabo la gesti\u00f3n y el desarrollo de programas de vivienda en nombre de un municipio, condado o regi\u00f3n. Leadville Housing Authority tiene la capacidad legal de proporcionar varios servicios de vivienda que benefician a los ciudadanos de LeadvilLe, como estar exentos de pagar impuestos estatales o locales sobre el desarrollo de viviendas. Leadville Housing Authority fue creada en 1981. Administran el Mount Massive Manor y un complejo de apartamentos de viviendas asequibles para la comunidad de ancianos y discapacitados. Actualmente, Leadville Housing Authority solo puede servir a los miembros de la comunidad que viven dentro de los l\u00edmites de la ciudad.<\/p>\n\n\t\t<\/div>\n\t<\/div>\n<\/div><\/div><div class=\"vc_tta-panel\" id=\"1654014071573-16c9ebdd-935a\" data-vc-content=\".vc_tta-panel-body\"><div class=\"vc_tta-panel-heading\"><h4 class=\"vc_tta-panel-title vc_tta-controls-icon-position-left\"><a href=\"#1654014071573-16c9ebdd-935a\" data-vc-accordion data-vc-container=\".vc_tta-container\"><span class=\"vc_tta-title-text\">Cr\u00e9dito fiscal para viviendas de bajos ingresos (LIHTC)<\/span><i class=\"vc_tta-controls-icon vc_tta-controls-icon-chevron\"><\/i><\/a><\/h4><\/div><div class=\"vc_tta-panel-body\">\n\t<div class=\"wpb_text_column wpb_content_element\" >\n\t\t<div class=\"wpb_wrapper\">\n\t\t\t<p>Un programa federal administrado por la Agencia de Financiaci\u00f3n de la Vivienda de Colorado (CHFA) que proporciona fondos para proyectos de vivienda asequibles y cualificados. estos son <a href=\"https:\/\/youtu.be\/DdUcOFRdyTQ\" target=\"_blank\" rel=\"noopener\">dos<\/a> corto <a href=\"https:\/\/www.youtube.com\/watch?v=ijnkAA4AjzM\" target=\"_blank\" rel=\"noopener\">videos<\/a> que explican la financiaci\u00f3n del LIHTC.<\/p>\n\n\t\t<\/div>\n\t<\/div>\n<\/div><\/div><div class=\"vc_tta-panel\" id=\"1654014072171-03b9c8ca-178b\" data-vc-content=\".vc_tta-panel-body\"><div class=\"vc_tta-panel-heading\"><h4 class=\"vc_tta-panel-title vc_tta-controls-icon-position-left\"><a href=\"#1654014072171-03b9c8ca-178b\" data-vc-accordion data-vc-container=\".vc_tta-container\"><span class=\"vc_tta-title-text\">Empresas de alojamiento<\/span><i class=\"vc_tta-controls-icon vc_tta-controls-icon-chevron\"><\/i><\/a><\/h4><\/div><div class=\"vc_tta-panel-body\">\n\t<div class=\"wpb_text_column wpb_content_element\" >\n\t\t<div class=\"wpb_wrapper\">\n\t\t\t<p>Hoteles, moteles, albergues, campings, propiedades residenciales alquiladas por menos de 30 d\u00edas (incluidas las propiedades que figuran en Airbnb, VRBO y con administradores de propiedades),<\/p>\n\n\t\t<\/div>\n\t<\/div>\n<\/div><\/div><div class=\"vc_tta-panel\" id=\"1654014072737-c8996bad-73fe\" data-vc-content=\".vc_tta-panel-body\"><div class=\"vc_tta-panel-heading\"><h4 class=\"vc_tta-panel-title vc_tta-controls-icon-position-left\"><a href=\"#1654014072737-c8996bad-73fe\" data-vc-accordion data-vc-container=\".vc_tta-container\"><span class=\"vc_tta-title-text\">mill<\/span><i class=\"vc_tta-controls-icon vc_tta-controls-icon-chevron\"><\/i><\/a><\/h4><\/div><div class=\"vc_tta-panel-body\">\n\t<div class=\"wpb_text_column wpb_content_element\" >\n\t\t<div class=\"wpb_wrapper\">\n\t\t\t<p>T\u00e9rmino utilizado por muchas ciudades y condados para calcular el valor de una propiedad que evaluara para los impuestos. 1 Mill = .0001 o 1\/10 de 1 centavo. 10 Mills se traduce  una tasa de impuestos de 1%.<\/p>\n\n\t\t<\/div>\n\t<\/div>\n<\/div><\/div><div class=\"vc_tta-panel\" id=\"1654014074470-c69b8e4d-ac4f\" data-vc-content=\".vc_tta-panel-body\"><div class=\"vc_tta-panel-heading\"><h4 class=\"vc_tta-panel-title vc_tta-controls-icon-position-left\"><a href=\"#1654014074470-c69b8e4d-ac4f\" data-vc-accordion data-vc-container=\".vc_tta-container\"><span class=\"vc_tta-title-text\">Autoridad de Vivienda Multijurisdiccional (MJHA)<\/span><i class=\"vc_tta-controls-icon vc_tta-controls-icon-chevron\"><\/i><\/a><\/h4><\/div><div class=\"vc_tta-panel-body\">\n\t<div class=\"wpb_text_column wpb_content_element\" >\n\t\t<div class=\"wpb_wrapper\">\n\t\t\t<p>Un tipo de autoridad de vivienda establecida entre jurisdicciones para proporcionar programas de autoridad de vivienda para m\u00e1s de una jurisdicci\u00f3n.<\/p>\n\n\t\t<\/div>\n\t<\/div>\n<\/div><\/div><div class=\"vc_tta-panel\" id=\"1654014075049-b060c14f-20c7\" data-vc-content=\".vc_tta-panel-body\"><div class=\"vc_tta-panel-heading\"><h4 class=\"vc_tta-panel-title vc_tta-controls-icon-position-left\"><a href=\"#1654014075049-b060c14f-20c7\" data-vc-accordion data-vc-container=\".vc_tta-container\"><span class=\"vc_tta-title-text\">Residencia principal\/primaria<\/span><i class=\"vc_tta-controls-icon vc_tta-controls-icon-chevron\"><\/i><\/a><\/h4><\/div><div class=\"vc_tta-panel-body\">\n\t<div class=\"wpb_text_column wpb_content_element\" >\n\t\t<div class=\"wpb_wrapper\">\n\t\t\t<p>Una propiedad donde el ocupante resida un m\u00ednimo de nueve (9) meses por a\u00f1o calendario.<\/p>\n\n\t\t<\/div>\n\t<\/div>\n<\/div><\/div><div class=\"vc_tta-panel\" id=\"1654014075673-97918c5a-026d\" data-vc-content=\".vc_tta-panel-body\"><div class=\"vc_tta-panel-heading\"><h4 class=\"vc_tta-panel-title vc_tta-controls-icon-position-left\"><a href=\"#1654014075673-97918c5a-026d\" data-vc-accordion data-vc-container=\".vc_tta-container\"><span class=\"vc_tta-title-text\">Comisi\u00f3n de Planificaci\u00f3n<\/span><i class=\"vc_tta-controls-icon vc_tta-controls-icon-chevron\"><\/i><\/a><\/h4><\/div><div class=\"vc_tta-panel-body\">\n\t<div class=\"wpb_text_column wpb_content_element\" >\n\t\t<div class=\"wpb_wrapper\">\n\t\t\t<p>Junta asesora de voluntarios con miembros designados por los funcionarios electos. La comisi\u00f3n revisa asuntos relacionados con la construcci\u00f3n y el uso del suelo.<\/p>\n\n\t\t<\/div>\n\t<\/div>\n<\/div><\/div><div class=\"vc_tta-panel\" id=\"1654014076277-c0c6d17b-d315\" data-vc-content=\".vc_tta-panel-body\"><div class=\"vc_tta-panel-heading\"><h4 class=\"vc_tta-panel-title vc_tta-controls-icon-position-left\"><a href=\"#1654014076277-c0c6d17b-d315\" data-vc-accordion data-vc-container=\".vc_tta-container\"><span class=\"vc_tta-title-text\">Vivienda para trabajadores<\/span><i class=\"vc_tta-controls-icon vc_tta-controls-icon-chevron\"><\/i><\/a><\/h4><\/div><div class=\"vc_tta-panel-body\">\n\t<div class=\"wpb_text_column wpb_content_element\" >\n\t\t<div class=\"wpb_wrapper\">\n\t\t\t<p>Viviendas creadas para servir a los empleados de la fuerza laboral local.<\/p>\n\n\t\t<\/div>\n\t<\/div>\n<\/div><\/div><\/div><\/div><\/div><\/div><\/div><\/div><\/div><\/div>","protected":false},"excerpt":{"rendered":"Glosario de T\u00e9rminos de ViviendaImpuesto de Alojamiento (Medida Electoral 2A) En 2021, los votantes de Leadville aprobaron un impuesto de 3% para construir un Fondo de Alojamiento, el primer fondo creado para construir viviendas y proporcionar programas educativos de alojamiento. El impuesto se paga...","protected":false},"author":2,"featured_media":0,"parent":0,"menu_order":0,"comment_status":"closed","ping_status":"closed","template":"","meta":{"footnotes":""},"class_list":["post-254","page","type-page","status-publish","hentry"],"aioseo_notices":[],"_links":{"self":[{"href":"https:\/\/housinglake.org\/es\/wp-json\/wp\/v2\/pages\/254","targetHints":{"allow":["GET"]}}],"collection":[{"href":"https:\/\/housinglake.org\/es\/wp-json\/wp\/v2\/pages"}],"about":[{"href":"https:\/\/housinglake.org\/es\/wp-json\/wp\/v2\/types\/page"}],"author":[{"embeddable":true,"href":"https:\/\/housinglake.org\/es\/wp-json\/wp\/v2\/users\/2"}],"replies":[{"embeddable":true,"href":"https:\/\/housinglake.org\/es\/wp-json\/wp\/v2\/comments?post=254"}],"version-history":[{"count":10,"href":"https:\/\/housinglake.org\/es\/wp-json\/wp\/v2\/pages\/254\/revisions"}],"predecessor-version":[{"id":415,"href":"https:\/\/housinglake.org\/es\/wp-json\/wp\/v2\/pages\/254\/revisions\/415"}],"wp:attachment":[{"href":"https:\/\/housinglake.org\/es\/wp-json\/wp\/v2\/media?parent=254"}],"curies":[{"name":"wp","href":"https:\/\/api.w.org\/{rel}","templated":true}]}}